{"id":1081,"date":"2016-11-25T16:47:31","date_gmt":"2016-11-25T19:47:31","guid":{"rendered":"http:\/\/torturesquad.net.br\/site\/?page_id=1081"},"modified":"2020-08-11T23:48:05","modified_gmt":"2020-08-11T23:48:05","slug":"return-of-evil","status":"publish","type":"page","link":"https:\/\/torturesquad.com.br\/site\/return-of-evil\/","title":{"rendered":"Return of Evil"},"content":{"rendered":"<h1>Return of Evil &#8211; 2016<\/h1>\n<p><center><img decoding=\"async\" class=\"size-full wp-image-3625\" src=\"http:\/\/torturesquad.com.br\/site\/wp-content\/uploads\/2020\/08\/roe.jpg\" alt=\"Roe\" width=\"50%\" height=\"auto\" srcset=\"https:\/\/torturesquad.com.br\/site\/wp-content\/uploads\/2020\/08\/roe.jpg 600w, https:\/\/torturesquad.com.br\/site\/wp-content\/uploads\/2020\/08\/roe-500x500.jpg 500w\" sizes=\"(max-width: 600px) 100vw, 600px\" \/><\/center><\/p>\n<p style=\"text-align: center;\"><strong>1. RETURN OF EVIL<\/strong><br \/>\nLetra: A. Christ\u00f3faro \u2013 Inspirado por Genghis Khan<\/p>\n<p style=\"text-align: center;\">Gray wolf<br \/>\nDevouring the earth<br \/>\nFigure of evil<br \/>\nSaid the legend<\/p>\n<p style=\"text-align: center;\">Nomadic warrior<br \/>\nArrested and mocked<br \/>\nVengeance, rancor<br \/>\nControlled insanity<\/p>\n<p style=\"text-align: center;\">Lost<br \/>\nIn his mind<br \/>\nFaith and crimes<br \/>\nNo more life<br \/>\nFace to face<\/p>\n<p style=\"text-align: center;\">A wolf and his brother<br \/>\nKilled by a child<br \/>\nAwe and respect<br \/>\nConquered with blood<\/p>\n<p style=\"text-align: center;\">Father poisoned<br \/>\nMother driven out<br \/>\nA hard life molded<br \/>\nA heart made of hate<\/p>\n<p style=\"text-align: center;\">Lost<br \/>\nIn his mind<br \/>\nFaith and crimes<br \/>\nNo more life<br \/>\nFace to face<br \/>\nWith terror<br \/>\nUnity calls for a<br \/>\nSplendorous brutality<br \/>\nShow no mercy<br \/>\nNo way out<br \/>\nNo way out now<\/p>\n<p style=\"text-align: center;\">Return of evil<br \/>\nReturn of evil<br \/>\nReturn of evil<br \/>\n\u201cSeek revenge\u201d<\/p>\n<p style=\"text-align: center;\">Rising perversity<br \/>\nNo limits to cruelty<br \/>\nAngry soul<br \/>\nEmpire<br \/>\nThe reputation to be the bloodiest<br \/>\nOf all barbarians<br \/>\nTo face death<br \/>\nFace the death<\/p>\n<p style=\"text-align: center;\">Unification<br \/>\nThe only desire<br \/>\nStrategy<br \/>\nDeath or glory<\/p>\n<p style=\"text-align: center;\">Thousands of men<br \/>\nBloodthirsty<br \/>\nNo one survives<br \/>\nKhan of hate<\/p>\n<p style=\"text-align: center;\">Sanity<br \/>\nWhat about insanity<br \/>\nSanity<br \/>\nWhat about insanity<br \/>\nCruelty<br \/>\nWhat about insanity<br \/>\nHumanity<br \/>\nWhat about insanity<\/p>\n<p style=\"text-align: center;\">War<\/p>\n<p style=\"text-align: center;\">2. <strong>SWALLOW YOUR REALITY<\/strong><br \/>\nLetras: A.Christ\u00f3faro &#8211; Inspirado por todos aqueles que n\u00e3o tomam conta das suas pr\u00f3prias vidas<\/p>\n<p style=\"text-align: center;\">Repulsive<br \/>\n\u201cWhat incites repulse;<br \/>\nwhat causes disgust; nasty, revolting\u201d<\/p>\n<p style=\"text-align: center;\">Envious, gutless<br \/>\nGot any &#8216;character?<br \/>\nMind your fucking business<\/p>\n<p style=\"text-align: center;\">Master of disguise<br \/>\nLike so many others<br \/>\nThey play one thing in front of you<br \/>\nand lie behind your back<\/p>\n<p style=\"text-align: center;\">In the crossroads of life<br \/>\nYou had a choice<br \/>\nYou chose it, remember?<br \/>\nMaybe not<\/p>\n<p style=\"text-align: center;\">Your choice is not the issue<br \/>\nYour grotesque failure<br \/>\nIs to not own it up<\/p>\n<p style=\"text-align: center;\">Why are you here<br \/>\nThink about it<br \/>\nWhy you\u2019re here and do what you do<\/p>\n<p style=\"text-align: center;\">Is your life mine?<br \/>\nNo fucking way<br \/>\nI didn\u2019t make your fucking choices<\/p>\n<p style=\"text-align: center;\">Satisfied?<br \/>\nDon\u2019t even ask me<br \/>\nSo stop whining and swallow your reality<\/p>\n<p style=\"text-align: center;\">Live your life<br \/>\nLive your life<br \/>\nYour life<\/p>\n<p style=\"text-align: center;\">Sum up<br \/>\nwhat you did<br \/>\nWhat you do<br \/>\nWhat you built<br \/>\nWho are you?<\/p>\n<p style=\"text-align: center;\">Look<br \/>\nDeep inside<br \/>\nIn your mind<br \/>\nIn your heart<br \/>\nHow do you feel?<\/p>\n<p style=\"text-align: center;\">No<br \/>\nNo more lies,<br \/>\nclosed eyes,<br \/>\nBad vibes,<br \/>\nBetraying yourself<\/p>\n<p style=\"text-align: center;\">Stop<br \/>\nBeing a fool<br \/>\nIt\u2019s a rule<br \/>\nNo more hypocrisy<\/p>\n<p style=\"text-align: center;\">Repulsive<br \/>\n\u201cWhat incites repulse;<br \/>\nwhat causes disgust; nasty, revolting\u201d<\/p>\n<p style=\"text-align: center;\">Envious, gutless<br \/>\nGot any &#8216;character?<br \/>\nMind your fucking business<\/p>\n<p style=\"text-align: center;\">Your choice is not the issue<br \/>\nYour grotesque failure<br \/>\nIs to not own it up<\/p>\n<p style=\"text-align: center;\">Why are you here<br \/>\nThink about it<br \/>\nWhy you\u2019re here and do what you do<br \/>\nIs your life mine?<br \/>\nNo fucking way<br \/>\nI didn\u2019t make your fucking choices<\/p>\n<p style=\"text-align: center;\">Satisfied?<br \/>\nDon\u2019t even ask me<br \/>\nSo stop whining and swallow your reality<\/p>\n<p style=\"text-align: center;\">Some daqui!<\/p>\n<p style=\"text-align: center;\"><strong>3.DREADFUL LIES<\/strong><br \/>\nLetra: Castor \u2013 Inspirado por todos os enganadores da humanidade. FODA A IGREJA SAGRADA!<\/p>\n<p style=\"text-align: center;\">People confuse you<br \/>\nSaying &#8220;The Messiah is coming!&#8221;<br \/>\nMaking your own mind believe<br \/>\nFuckin&#8217; church is the only salvation!&#8221;<br \/>\nYou\u00b4re taken to a great doubt<br \/>\nThrown into an infinity abyss<br \/>\nSearching for a true answer<br \/>\nHidden among questions<br \/>\nThey say to worship God<br \/>\nTellin &#8216;Dreadful Lies<br \/>\nThey promise to save your soul<br \/>\nSelling&#8217; Dreadful Lies<br \/>\nPeople confuse you<br \/>\nWith insane words<br \/>\nCrooks holds the holy book &#8216;<br \/>\nAs they say<\/p>\n<p style=\"text-align: center;\">Dreadful Lies<\/p>\n<p style=\"text-align: center;\">People confuse you<br \/>\nWith insane words<br \/>\nCrooks holds the holy book &#8216;<br \/>\nAs they say<\/p>\n<p style=\"text-align: center;\">Dreadful Lies<\/p>\n<p style=\"text-align: center;\">People confuse you<br \/>\nSaying &#8220;The Messiah is coming!&#8221;<br \/>\nMaking your own mind believe<br \/>\nFuckin&#8217; church is the only salvation!&#8221;<br \/>\nYou\u00b4re taken to a great doubt<br \/>\nThrown into an infinity abyss<br \/>\nSearching for a true answer<br \/>\nHidden among questions<\/p>\n","protected":false},"excerpt":{"rendered":"<p>Return of Evil &#8211; 2016 1. RETURN OF EVIL Letra: A. Christ\u00f3faro \u2013 Inspirado por Genghis Khan Gray wolf Devouring the earth Figure of evil Said the legend Nomadic warrior Arrested and mocked Vengeance, rancor Controlled insanity Lost In his mind Faith and crimes No more life Face to face A wolf and his brother [&hellip;]<\/p>\n","protected":false},"author":1,"featured_media":0,"parent":0,"menu_order":0,"comment_status":"open","ping_status":"open","template":"","meta":{"ngg_post_thumbnail":0,"footnotes":""},"class_list":["post-1081","page","type-page","status-publish","hentry"],"_links":{"self":[{"href":"https:\/\/torturesquad.com.br\/site\/wp-json\/wp\/v2\/pages\/1081","targetHints":{"allow":["GET"]}}],"collection":[{"href":"https:\/\/torturesquad.com.br\/site\/wp-json\/wp\/v2\/pages"}],"about":[{"href":"https:\/\/torturesquad.com.br\/site\/wp-json\/wp\/v2\/types\/page"}],"author":[{"embeddable":true,"href":"https:\/\/torturesquad.com.br\/site\/wp-json\/wp\/v2\/users\/1"}],"replies":[{"embeddable":true,"href":"https:\/\/torturesquad.com.br\/site\/wp-json\/wp\/v2\/comments?post=1081"}],"version-history":[{"count":6,"href":"https:\/\/torturesquad.com.br\/site\/wp-json\/wp\/v2\/pages\/1081\/revisions"}],"predecessor-version":[{"id":3673,"href":"https:\/\/torturesquad.com.br\/site\/wp-json\/wp\/v2\/pages\/1081\/revisions\/3673"}],"wp:attachment":[{"href":"https:\/\/torturesquad.com.br\/site\/wp-json\/wp\/v2\/media?parent=1081"}],"curies":[{"name":"wp","href":"https:\/\/api.w.org\/{rel}","templated":true}]}}