{"id":140,"date":"2014-01-07T10:23:43","date_gmt":"2014-01-07T13:23:43","guid":{"rendered":"http:\/\/torturesquad.net.br\/site\/?page_id=140"},"modified":"2025-05-29T10:42:16","modified_gmt":"2025-05-29T10:42:16","slug":"amilcar-christofaro","status":"publish","type":"page","link":"https:\/\/torturesquad.com.br\/site\/amilcar-christofaro\/","title":{"rendered":"Amilcar Christ\u00f3faro"},"content":{"rendered":"<p><img decoding=\"async\" class=\"size-full wp-image-4313 alignleft\" src=\"http:\/\/torturesquad.com.br\/site\/wp-content\/uploads\/2020\/08\/Amilcar-1.jpg\" alt=\"1\" width=\"40%\" height=\"auto\" srcset=\"https:\/\/torturesquad.com.br\/site\/wp-content\/uploads\/2020\/08\/Amilcar-1.jpg 960w, https:\/\/torturesquad.com.br\/site\/wp-content\/uploads\/2020\/08\/Amilcar-1-600x419.jpg 600w, https:\/\/torturesquad.com.br\/site\/wp-content\/uploads\/2020\/08\/Amilcar-1-768x537.jpg 768w, https:\/\/torturesquad.com.br\/site\/wp-content\/uploads\/2020\/08\/Amilcar-1-328x228.jpg 328w\" sizes=\"(max-width: 960px) 100vw, 960px\" \/> Filho do baterista Claudemir Christ\u00f3faro (The Jet Blacks, The Four Boys), Amilcar Christ\u00f3faro \u00e9 baterista desde os 14 anos de idade. Seu nome \u00e9 reconhecido nacional e internacionalmente por sua velocidade, musicalidade, t\u00e9cnica e perfeccionismo.<\/p>\n<p>Destro, mas tendo como objetivo a eterna busca pela ambidestria, toca na maioria das vezes com os bra\u00e7os abertos (chimbal com a m\u00e3o esquerda), adquirindo assim, habilidade para executar de grooves lentos a levadas r\u00e1pidas, como Skank Beat (Levada Thrash Metal tradicional) e blast-beats, al\u00e9m de demonstrar grande versatilidade e criatividade no trabalho com os dois bumbos.<\/p>\n<p>Suas maiores influ\u00eancias continuam sendo bateristas como Dave Lombardo (Slayer era), Lars Ulrich (Metallica), Iggor Cavalera (Sepultura era), Pete Sandoval (Morbid Angel), Gene Hoglan (Dark Angel e Death era), Paulo Zinner (Golpe de Estado, Rita Lee), Mikkey Dee (King Diamond era e Mot\u00f6rhead), Marky Edelmann (Coroner), Neil Peart (Rush), Paulo Thomas (Firebox, Cent\u00farias), Scott Rockenfield (Queensr\u00ffche), Nick McBrain (Iron Maiden) e Mike Portnoy (Dream Theater era).<\/p>\n<p>Com o tempo Amilcar se aprofundou no Jazz , Rhythm and Blues, m\u00fasica instrumental e experimental, e ent\u00e3o alguns bateristas desses segmentos como Buddy Rich, Billy Cobham e Thomas Lang, s\u00f3 para citar alguns, tamb\u00e9m come\u00e7aram a se tornar uma grande influ\u00eancia.<\/p>\n<p>Com o Torture Squad, desde 1992, no curr\u00edculo de sua banda, somam-se v\u00e1rios \u00e1lbuns de est\u00fadio, EPs, DVD\/CD\u00b4s ao vivo e in\u00fameras turn\u00eas por Europa, Brasil e Am\u00e9rica do Sul.<\/p>\n<p>Amilcar tocou duas vezes na segunda maior feira de m\u00fasica do mundo, a Musikmesse, que acontece em Frankfurt na Alemanha. Quatro  vezes em um dos maiores festivais de Heavy Metal do mundo, o alem\u00e3o Wacken Open Air (sendo at\u00e9 ent\u00e3o, a \u00fanica banda brasileira a realizar tal feito), e em um dos maiores festivais de m\u00fasica da Am\u00e9rica latina, o Quito Fest, para mais de dez mil pessoas, entre outros eventos, festivais e turn\u00eas.<\/p>\n<p>Em 2004, tornou-se professor na Escola Bateras Beat em S\u00e3o Paulo (Unidade Pinheiros), onde d\u00e1 aulas at\u00e9 hoje e em 2022 se torna um dos s\u00f3cios.<\/p>\n<p>Em 2007, o Aquiles Priester que estava saindo da marca de baquetas C Ibanez, indo para Promark, chama Amilcar, S Clovis Ibanez e George Ibanez para um encontro na feira de m\u00fasica e diz \u201cEu to saindo da marca, mas voc\u00eas n\u00e3o podem ficar sem uma batera de metal, e se tem um cara do metal para eu indicar para o meu lugar, esse cara \u00e9 o Amilcar\u201d.<\/p>\n<p>Com essa indica\u00e7\u00e3o Amilcar entra na C Ibanez e logo j\u00e1 tem sua signature. A Baqueta \u00e9 uma linha 5b, feita de madeira Marfim, mas que tem duas mudan\u00e7as significativas a pedido do baterista; Ter um peso a mais no pesco\u00e7o da baqueta, para dar mais pegada nos ataques, sem exigir mais for\u00e7a, e a ponta ser redonda para definir mais o \u201cping\u201d do ride.<\/p>\n<p>Em julho de 2011, durante a turn\u00ea da Europa de divulga\u00e7\u00e3o do sexto \u00e1lbum do grupo, \u201cAequilibrium\u201d, Amilcar foi convidado a substituir o baterista Jean Dolabella do Sepultura, em cinco shows (Su\u00ed\u00e7a, \u00c1ustria, Fran\u00e7a [2] e Alemanha), chegando a tocar com as duas bandas no mesmo dia em um festival na Alemanha.<\/p>\n<p>Amilcar Christ\u00f3faro \u00e9 convidado pelo guitarrista do Sepultura Andreas Kisser, a se juntar ao Kisser Clan. Banda que Andreas montou para colocar seus filhos no palco e desde ent\u00e3o, Yohan Kisser segue na guitarra da banda junto com seu pai.<\/p>\n<p>Em 2013, como um dos representantes da cena metal brasileira, o baterista foi convidado pela emblem\u00e1tica banda de Heavy Metal Angra a participar do show comemorativo de vinte anos do lan\u00e7amento do seu primeiro disco, fazendo parte do DVD ao vivo comemorativo lan\u00e7ado no mesmo ano.<\/p>\n<p>Ainda em 2013, na \u00e1rea did\u00e1tica, lan\u00e7a, em parceria com Dino Verdade (fundador do  Bateras Beat Music School), o m\u00e9todo Mundo Double Bass (lan\u00e7ado tamb\u00e9m em DVD) \u2013 com o prop\u00f3sito de contribuir com a musicalidade do baterista que deseja explorar as possibilidades de tocar com os dois bumbos ou com pedal duplo. O Mundo Double Bass, al\u00e9m de ter virado refer\u00eancia no assunto, hoje faz parte da metodologia do Bateras Beats tendo exemplares em todas suas unidades.<\/p>\n<p>Maio de 2014 se tornou muito especial; O baterista foi mat\u00e9ria de capa da vers\u00e3o brasileira da maior revista do g\u00eanero, a Modern Drummer, com a chamada \u201cA Massa Sonora de Amilcar Christ\u00f3faro\u201d, fazendo dele um dos poucos bateristas do estilo metal no Brasil a ser mat\u00e9ria de capa da revista.<\/p>\n<p>A Orion Cymbals, sua patrocinadora de pratos, o homenageou pelos dez anos de parceria lan\u00e7ando um ride de 21\u201d, signature de s\u00e9rie limitada. Prato esse que foi se moldando sonoramente com o passar dos anos com o baterista sendo um dos consultores de desenvolvimento da marca.<\/p>\n<p>Em 2015, escreve e grava seu primeiro solo de bateria, \u201cFirst Attack\u201d, gravado no cd e DVD ao vivo \u201cCoup D\u00b4\u00c9tat Live\u201d do Torture Squad. O Solo comp\u00f5em partes que moldam o estilo do baterista, com grooves pesados misturados a levadas de dois bumbos entre Skank e Blast beats.<\/p>\n<p>2016 grava, \u201ca moda antiga\u201d, o EP \u201cReturn of Evil\u201d em um dos maiores est\u00fadios da Am\u00e9rica Latina, o Na Cena, com produ\u00e7\u00e3o de Wagner Meirinho, seguida de turn\u00eas pelo Brasil, Europa e Am\u00e9rica do Sul.<\/p>\n<p>Em 2017, entra em est\u00fadio para gravar o oitavo \u00e1lbum de sua carreira com o Torture Squad, Far Beyond Existence, seguida de uma turn\u00ea brasileira em um \u00f4nibus, sendo headliner, com mais tr\u00eas bandas de suporte (Warcursed, Reckoning Hour e Hatefullmurder) rodando 14.000 km com shows por quase todos os estados do pa\u00eds.<\/p>\n<p>2019 toca no Rock in Rio ao lado de Nervosa, Claustrofobia e Chuck Billy (Testament), Anthrax, Slayer, Sepultura, Helloween, Scorpions e Iron Maiden, sai para a sua primeira turn\u00ea na Am\u00e9rica Central, passando por Costa Rica, El Salvador, Guatemala e M\u00e9xico, sendo um dos headliners do M\u00e9xico Metal Fest.<\/p>\n<p>Em mar\u00e7o de 2020 \u00e9 obrigado a parar as grava\u00e7\u00f5es do \u201cDevilish\u201d para fazer isolamento social devido a pandemia do v\u00edrus Covid-19. As grava\u00e7\u00f5es retomam aos poucos entre 2022 e 2023, e o disco \u00e9 lan\u00e7ado em setembro de 2023.<\/p>\n<p>Come\u00e7o de 2022 um sonho vira realidade, Amilcar se torna um s\u00f3cio da unidade Pinheiros do Bateras Beat. Unidade que d\u00e1 aula desde 2004.<\/p>\n<p>Ap\u00f3s 15 anos, sai da marca de baquetas C Ibanez, e entra na Liverpool no come\u00e7o de 2023.<\/p>\n<p>\u201cEu usei 5b minha vida inteira e estava a fim de achar um peso intermedi\u00e1rio entre a 5a e a 5b, ent\u00e3o quando fiz a proposta para a Liverpool percebi aue era rec\u00edproco da marca de eu estar ali tamb\u00e9m, o aue me deixou muito feliz. Peguei alguns pares para testar durante o ano de 2024 e achei na 5af a minha signature que saiu agora em maio de 2025. Repito, estou extremamente feliz\u201d<\/p>\n<p>O ano de 2024 \u00e9 dedicado a divulga\u00e7\u00e3o de \u201cDevilish\u201d com destaque para os shows no Summer Breeze Brasil e com o Sepultura na tour \u201cCelebrating Life Through Death\u201d no Espa\u00e7o Unimed em S\u00e3o Paulo, em uma noite sold out em frente a 9.000 pessoas. Ainda no segundo semestre, com o Matanza Ritual entra em est\u00fadio para gravar \u201cA Vingan\u00e7a \u00e9 Meu Motor\u201d que \u00e9 lan\u00e7ado em mar\u00e7o de 2025.<\/p>\n<p>2025 tamb\u00e9m \u00e9 um ano de produ\u00e7\u00e3o para o baterista. \u00c9 convidado por Claudio Vicentin (Roadie Crew Magazine) a produzir o \u201cTributo a Ronnie James Dio\u201d no Bangers Open Air e pelo Bateras Beat Music School, para a produ\u00e7\u00e3o do primeiro Bateras Beat Music Awards, que aconteceu no Teatro Gazeta.<\/p>\n<p>Em meio a um tsunami de compromissos musicais, como compor o d\u00e9cimo disco de est\u00fadio do Torture Squad, Amilcar j\u00e1 conheceu mais de trinta pa\u00edses pela sua m\u00fasica, e segue  adquirindo e mostrando novos caminhos no mundo da bateria pesada, agressiva, e acima de tudo, fluida e musical.<\/p>\n<p>Amilcar Christ\u00f3faro \u00e9 baterista das bandas Torture Squad, Kisser Clan e Matanza Ritual.<\/p>\n<p><strong>DISCOGRAFIA \u2013 Torture Squad<\/strong><\/p>\n<p>A Soul In Hell (demo) \u2013 1993<br \/>\nShivering \u2013 1995<br \/>\nAsylum Of Shadows \u2013 1999<br \/>\nThe Unholy Spell \u2013 2001<br \/>\nPandemonium \u2013 2003<br \/>\nDeath, Chaos and Torture Alive \u2013 2004<br \/>\nChaos Corporation (single) \u2013 2007<br \/>\nHellbound \u2013 2008<br \/>\nAequilibrium \u2013 2010<br \/>\nEsquadr\u00e3o de Tortura \u2013 2013<br \/>\nCoup D\u00b4\u00e9tat Live &#8211; 2015<br \/>\nReturn of Evil &#8211; 2016<br \/>\nFar Beyond Existence &#8211; 2017<br \/>\nTorture Years &#8211; 2019<br \/>\nTortura en la Iglesia en Vivo &#8211; 2022<br \/>\nDevilish &#8211; 2023<\/p>\n<p><strong>VIDEOGRAFIA<\/strong><\/p>\n<p>DVD \u2013 Death, Chaos and Torture Alive \u2013 2005<br \/>\nDVD \u2013 Coup D\u00b4\u00e9tat Live \u2013 2015<\/p>\n<p>Contato: <a href=\"mailto:acmetal77@gmail.com\"><strong>acmetal77@gmail.com<\/strong><\/a><\/p>\n","protected":false},"excerpt":{"rendered":"<p>Filho do baterista Claudemir Christ\u00f3faro (The Jet Blacks, The Four Boys), Amilcar Christ\u00f3faro \u00e9 baterista desde os 14 anos de idade. Seu nome \u00e9 reconhecido nacional e internacionalmente por sua velocidade, musicalidade, t\u00e9cnica e perfeccionismo. Destro, mas tendo como objetivo a eterna busca pela ambidestria, toca na maioria das vezes com os bra\u00e7os abertos (chimbal [&hellip;]<\/p>\n","protected":false},"author":1,"featured_media":0,"parent":0,"menu_order":0,"comment_status":"open","ping_status":"open","template":"","meta":{"ngg_post_thumbnail":0,"footnotes":""},"class_list":["post-140","page","type-page","status-publish","hentry"],"_links":{"self":[{"href":"https:\/\/torturesquad.com.br\/site\/wp-json\/wp\/v2\/pages\/140","targetHints":{"allow":["GET"]}}],"collection":[{"href":"https:\/\/torturesquad.com.br\/site\/wp-json\/wp\/v2\/pages"}],"about":[{"href":"https:\/\/torturesquad.com.br\/site\/wp-json\/wp\/v2\/types\/page"}],"author":[{"embeddable":true,"href":"https:\/\/torturesquad.com.br\/site\/wp-json\/wp\/v2\/users\/1"}],"replies":[{"embeddable":true,"href":"https:\/\/torturesquad.com.br\/site\/wp-json\/wp\/v2\/comments?post=140"}],"version-history":[{"count":7,"href":"https:\/\/torturesquad.com.br\/site\/wp-json\/wp\/v2\/pages\/140\/revisions"}],"predecessor-version":[{"id":4980,"href":"https:\/\/torturesquad.com.br\/site\/wp-json\/wp\/v2\/pages\/140\/revisions\/4980"}],"wp:attachment":[{"href":"https:\/\/torturesquad.com.br\/site\/wp-json\/wp\/v2\/media?parent=140"}],"curies":[{"name":"wp","href":"https:\/\/api.w.org\/{rel}","templated":true}]}}