{"id":448,"date":"2014-01-08T20:24:36","date_gmt":"2014-01-08T23:24:36","guid":{"rendered":"http:\/\/torturesquad.net.br\/site\/?page_id=448"},"modified":"2020-08-11T23:52:09","modified_gmt":"2020-08-11T23:52:09","slug":"esquadrao-de-tortura-2013","status":"publish","type":"page","link":"https:\/\/torturesquad.com.br\/site\/esquadrao-de-tortura-2013\/","title":{"rendered":"Esquadr\u00e3o de Tortura &#8211; 2013"},"content":{"rendered":"<h1>Esquadr\u00e3o de Tortura &#8211; 2013<\/h1>\n<p><center><img decoding=\"async\" src=\"http:\/\/torturesquad.com.br\/site\/wp-content\/uploads\/2020\/08\/10_Esquadrao_de_Tortura.jpg\" alt=\"Esquadrao\"  width=\"50%\" height=\"auto\" class=\"size-full wp-image-3634\" srcset=\"https:\/\/torturesquad.com.br\/site\/wp-content\/uploads\/2020\/08\/10_Esquadrao_de_Tortura.jpg 666w, https:\/\/torturesquad.com.br\/site\/wp-content\/uploads\/2020\/08\/10_Esquadrao_de_Tortura-600x600.jpg 600w, https:\/\/torturesquad.com.br\/site\/wp-content\/uploads\/2020\/08\/10_Esquadrao_de_Tortura-500x500.jpg 500w\" sizes=\"(max-width: 666px) 100vw, 666px\" \/> <\/center><\/p>\n<p style=\"text-align: center;\"><strong>1.NO ESCAPE FROM HELL<\/strong><br \/>\nLetra: A. Christ\u00f3faro<\/p>\n<p style=\"text-align: center;\">MILITARY TIMES<br \/>\nARRIVED<br \/>\nA BETTER ERA COMING?<br \/>\nNOBODY KNOWS<br \/>\nREASSURING WORDS<br \/>\nPACIFY<br \/>\nAPRIL FOOL\u2019S DAY\u2026<\/p>\n<p style=\"text-align: center;\">A SET OF ACTIONS<br \/>\nFROM JANGO<br \/>\nCONTENTING SOME<br \/>\nOTHERS NOT<br \/>\nOPERATION BROTHER SAM<br \/>\nFOR THE NATIONAL ELITE<br \/>\nAND ARMED FORCES\u2026<\/p>\n<p style=\"text-align: center;\">THE TIME IS NOW!<\/p>\n<p style=\"text-align: center;\">FURTHER INTERESTS CORRUPTING LIVES<br \/>\nBURNING MONEY BUYING WHO THEY WANT<br \/>\nEVERYTHING WILL BE SAID AND SHOWN<br \/>\nTHE FUCKING MEDIA IS UP FOR SALE<\/p>\n<p style=\"text-align: center;\">NO ESCAPE FROM HELL<br \/>\nNO ESCAPE FROM HELL<br \/>\nNO ESCAPE FROM HELL<br \/>\nNO ESCAPE&#8230;<\/p>\n<p style=\"text-align: center;\">NO ESCAPE FROM HELL!<\/p>\n<p style=\"text-align: center;\">POWER ASSAULTED<br \/>\nSTATE OF TERROR<\/p>\n<p style=\"text-align: center;\">PRESIDENT AWAY<br \/>\nCRACKDOWN MEASURES<br \/>\nA NEW CONSTITUTION ESTABLISHED<br \/>\nMANDATES REPEALED<br \/>\nNO ONE SHOULD DARE<br \/>\nTO CROSS THIS NEW PATH&#8230; NO!<\/p>\n<p style=\"text-align: center;\">LAWS BREACHED<br \/>\nINSTITUTIONAL ACTS<br \/>\nTHE DOMINATION FUELS<br \/>\nTHE POWER CORRUPTS<br \/>\nNOT EVEN KNOWING<br \/>\nTHE COURSE OF THE NATION<br \/>\nBUT IT DOESN\u2019T MATTER&#8230;<br \/>\nIT DOESN\u2019T MATTER TO\u2026 YOU!<\/p>\n<p style=\"text-align: center;\">&#8220;ON THE ROAD TO CIVIL WAR&#8221;<br \/>\nTHE EXCUSE TO TAKE CONTROL<br \/>\nDARK GREEN NOW IS THE LAW<br \/>\nTHERE\u2019S NO EXIT\u2026<br \/>\nTHERE\u2019S NO RETURN\u2026<\/p>\n<p style=\"text-align: center;\">NO WAY!<\/p>\n<p style=\"text-align: center;\">NO ESCAPE FROM HELL<br \/>\nNO ESCAPE FROM HELL<br \/>\nNO ESCAPE FROM HELL<br \/>\nNO WAY OUT\u2026<br \/>\nNO ESCAPE FROM HELL<br \/>\nNO ESCAPE FROM HELL<br \/>\nNO ESCAPE FROM HELL<\/p>\n<p style=\"text-align: center;\"><strong>2.PULL THE TRIGGER<\/strong><br \/>\nLetra: A. Christ\u00f3faro<\/p>\n<p style=\"text-align: center;\">HEY! PEOPLE!<br \/>\nNEW GOD, NEW RULES RIGHT NOW<br \/>\nDON\u2019T EVER DISAGREE WITH THIS<br \/>\nTHE \u201cRED SCARE\u201d IS NEAR<br \/>\nYOUR FAITH IS NOT SO CLEAR<br \/>\nTHEY GOTTA MAKE YOU BELIEVE<\/p>\n<p style=\"text-align: center;\">RESTORE THE DISCIPLINE<br \/>\nAND MILITARY HIERARCHY<br \/>\nAGAINST THE COMMUNIST THREAT<br \/>\nIT\u2019S PART OF THE EXCUSE<br \/>\nABOUT ALL THE ABUSE<br \/>\nUPON ALL WHO OPPOSE THEM<\/p>\n<p style=\"text-align: center;\">PEOPLE ON THE STREETS<br \/>\nREPRESSION IN THE AIR<br \/>\nMODEL CITIZENS GO<br \/>\nBUT CANNOT RETURN<br \/>\nLACK OF DEMOCRACY<br \/>\nNO CONSTITUTIONAL RIGHTS<br \/>\nCAN&#8217;T EVEN LIVE IN PEACE<\/p>\n<p style=\"text-align: center;\">PULL THE TRIGGER<br \/>\nPOSSESSED BY THE POWER<br \/>\nPULL THE TRIGGER<br \/>\nDEATH IS ALL AROUND<\/p>\n<p style=\"text-align: center;\">UNKNOWN&#8230; ONE DEAD&#8230;<br \/>\nONE LESS&#8230; MORE LEAD&#8230;<\/p>\n<p style=\"text-align: center;\">THERE&#8217;S NO OTHER CHOICE!<\/p>\n<p style=\"text-align: center;\">1968 &#8211; THE YEAR THAT NEVER ENDED<\/p>\n<p style=\"text-align: center;\">WHERE IS THE RESPECT?<br \/>\nWHERE IS THE PEACE?<\/p>\n<p style=\"text-align: center;\">A THIRD WORLD\u2019S LEADER KILLED<br \/>\nEDSON LUIS SHOT DEAD<br \/>\nKILLING ON BLOODY FRIDAY<br \/>\nONE HUNDRED THOUSAND MARCHING<br \/>\nIBI\u00daNA FALLS IN AMBUSH<br \/>\nWORKERS AND STUDENTS JAILED<\/p>\n<p style=\"text-align: center;\">PEOPLE ON THE STREETS<br \/>\nREPRESSION IN THE AIR<br \/>\nMODEL CITIZENS GO<br \/>\nNO RETURNING\u2026<br \/>\nLACK OF DEMOCRACY<br \/>\nNO CONSTITUTIONAL RIGHTS<br \/>\nCAN&#8217;T EVEN LIVE IN PEACE<br \/>\nCAN&#8217;T EVEN LIVE\u2026<\/p>\n<p style=\"text-align: center;\">PULL THE TRIGGER<br \/>\nPULL THE TRIGGER<br \/>\nUNKNOWN&#8230; ONE DEAD&#8230;<br \/>\nONE LESS&#8230; MORE LEAD&#8230;<\/p>\n<p style=\"text-align: center;\">PULL THE TRIGGER<br \/>\nPOSSESSED BY THE POWER<br \/>\nPULL THE TRIGGER<br \/>\nDEATH IS ALL AROUND<\/p>\n<p style=\"text-align: center;\">UNKNOWN&#8230; ONE DEAD&#8230;<br \/>\nONE LESS&#8230; MORE LEAD&#8230;<\/p>\n<p style=\"text-align: center;\">THERE&#8217;S NO OTHER CHOICE!<\/p>\n<p style=\"text-align: center;\">PULL THE TRIGGER<\/p>\n<p style=\"text-align: center;\"><strong>3.P\u00c1TRIA LIVRE<\/strong><br \/>\nLetra: A. Christ\u00f3faro<\/p>\n<p style=\"text-align: center;\">O DEVER DO POVO E DE TODO CIDAD\u00c3O<br \/>\n\u00c9 FAZER REVOLU\u00c7\u00c3O PELAS PR\u00d3PRIAS M\u00c3OS<br \/>\nCONQUISTANDO O PODER PELA VIOL\u00caNCIA<br \/>\nTROCANDO O IMPERIALISMO PELO POVO ARMADO!<\/p>\n<p style=\"text-align: center;\">P\u00c1TRIA LIVRE !<\/p>\n<p style=\"text-align: center;\"><strong>4.WARDANCE<\/strong><br \/>\nLetra: A. Evaristo<\/p>\n<p style=\"text-align: center;\">MEMBERS OF THE CCC PROVOKING RAGE<br \/>\nON LIBERTARIANS FIGHTING THE DICTATORSHIP<br \/>\nOPPOSITE IDEOLOGIES IN THE ARENA<br \/>\nTHE GATES OF HELL ARE OPEN<br \/>\nBEDLAM ON MARIA ANT\u00d4NIA STREET<\/p>\n<p style=\"text-align: center;\">WARDANCE<br \/>\nDIVIDE AND CONQUER<br \/>\nWARDANCE<\/p>\n<p style=\"text-align: center;\">&#8220;TO PROTECT THE PATRIMONY OF THE SCHOOL&#8221;<br \/>\nSHOCK TROOPS PUSH THE CROWD INTO THE STREETS<br \/>\nHUNDREDS OF STUDENTS BURN POLICE CARS<br \/>\nSOLDIERS WITH MACHINE GUNS<br \/>\nMASSACRE ON BANDEIRAS SQUARE<\/p>\n<p style=\"text-align: center;\">UPROAR!<\/p>\n<p style=\"text-align: center;\">BOMBS EXPLODE<br \/>\nBLAST OF WINDOWS<br \/>\nRIFLES AND PISTOLS<br \/>\nBRICKS AND ACID<\/p>\n<p style=\"text-align: center;\">INFILTRATED AMONG STUDENTS<br \/>\nUNDERCOVER AGENTS FROM THE POLICE<br \/>\nTANKS, TROOPS AND DOGS<br \/>\nTAKE OVER THE COLLEGES<\/p>\n<p style=\"text-align: center;\">MOLOTOVS BURN DOWN &#8220;PHILOSOPHY&#8221;<br \/>\nPOLICE FIRE INTO THE SKY<br \/>\nSTUDENTS CHARGE TO THE FIGHT<br \/>\nMANY SAY AN INFORMANT LURKS IN THE CROWD<br \/>\nA PROTESTER TAKES A SHOT TO THE HEAD<\/p>\n<p style=\"text-align: center;\">WARDANCE<br \/>\nDIVIDE AND CONQUER<br \/>\nWARDANCE<\/p>\n<p style=\"text-align: center;\"><strong>5.ARCHITECTURE OF PAIN<\/strong><br \/>\nLetra: A. Christ\u00f3faro<\/p>\n<p style=\"text-align: center;\">REPRESSION TO KEEP THE ORDER<br \/>\nFOR THOSE AGAINST THE &#8220;GREEN&#8221;<br \/>\nPOLICE THROTTLED STUDENTS AND CLOSED UNIVERSITIES<br \/>\nPOLITICIANS, PRESS OR ANYONE<br \/>\nGOING TO THE &#8220;OTHER SIDE&#8221;<br \/>\nWILL OPEN THEIR EYES IN A DARKENED ROOM FACING DEATH<\/p>\n<p style=\"text-align: center;\">FACING DEATH\u2026<\/p>\n<p style=\"text-align: center;\">A FIERY SPEECH IS ECHOED<br \/>\nTHROUGH THE CONGRESSIONAL HALL<br \/>\nTHE ARGUMENT, THEY WANTED TO MANIPULATE THE LAW<br \/>\nTHE AI-5 ARISES<br \/>\nAND VIOLENCE STARTS TO BLOOM<br \/>\n&#8220;JUST TO PREVENT THE DISINTEGRATION OF THE REGIME&#8221;<\/p>\n<p style=\"text-align: center;\">WE&#8217;RE HERE TO KEEP THE ORDER IS WHAT THEY SAY<br \/>\nORDER AND PROGRESS!<\/p>\n<p style=\"text-align: center;\">ORDER \u2013 THEY&#8217;LL KNOW WHERE YOU ARE<br \/>\nPROGRESS \u2013 THEY WILL FIND YA<br \/>\nBULLSHIT \u2013 THEIR TRUTH YOU MUST TALK<\/p>\n<p style=\"text-align: center;\">ARCHITECTURE OF PAIN<\/p>\n<p style=\"text-align: center;\">ORDER \u2013 THEY\u2019LL KNOW WHERE YOU ARE<br \/>\nPROGRESS \u2013 THEY WILL FIND YA<br \/>\nBULLSHIT \u2013 THEIR TRUTH YOU MUST TALK<\/p>\n<p style=\"text-align: center;\">ARCHITECTURE\u2026<\/p>\n<p style=\"text-align: center;\">ARCHITECTURE OF&#8230; PAIN!<\/p>\n<p style=\"text-align: center;\">MANY PEOPLE ARRESTED<br \/>\nTORTURED TO THE DEATH<br \/>\nAND THE WORST OF ALL<br \/>\nNOT KNOWING WHY<br \/>\nMANY DISAPPEARED<br \/>\nMILITARY PRISONS<br \/>\nFAMILIES ARE WAITING<br \/>\nFOR ANSWERS THAT NEVER COME<br \/>\nTHEN WE HAVE TO SAY<\/p>\n<p style=\"text-align: center;\">NO MORE&#8230; THESE TIMES NO MORE<br \/>\nFIGHT FOR&#8230; FAIR TIMES FOR US AND EVERYONE<br \/>\nNO MORE&#8230; THESE TIMES NO MORE<br \/>\nFIGHT FOR&#8230; FAIR TIMES&#8230;<\/p>\n<p style=\"text-align: center;\">FEAR IS IN THE AIR<br \/>\nTHE YELLOW\/GREEN TURNS TO GRAY<br \/>\nTHE GOVERNMENT \u201cWRITES\u201d ANTHEMS FOR THE PEOPLE TO SING<br \/>\nFOOTBALL TRIUMPHANT<br \/>\nSOME REJOICE ON THE STREETS<br \/>\nNOT EVEN THE &#8220;ECONOMIC MIRACLE&#8221; RELIEVES THE PAIN<\/p>\n<p style=\"text-align: center;\">WE&#8217;RE HERE TO KEEP ORDER IS WHAT THEY SAY<br \/>\nLOVE IT OR LEAVE IT!<\/p>\n<p style=\"text-align: center;\">ORDER \u2013 THEY\u2019LL KNOW WHERE YOU ARE<br \/>\nPROGRESS \u2013 THEY WILL FIND YA<br \/>\nBULLSHIT \u2013 THEIR TRUTH YOU MUST TALK<\/p>\n<p style=\"text-align: center;\">ARCHITECTURE OF PAIN<\/p>\n<p style=\"text-align: center;\">ORDER \u2013 THEY\u2019LL KNOW WHERE YOU ARE<br \/>\nPROGRESS \u2013 THEY WILL FIND YA<br \/>\nBULLSHIT \u2013 THEIR TRUTH YOU MUST TALK<br \/>\nARCHITECTURE&#8230;<\/p>\n<p style=\"text-align: center;\">ARCHITECTURE OF PAIN!<\/p>\n<p style=\"text-align: center;\"><strong>6.NEVER SURRENDER<\/strong><br \/>\nLetra: A. Christ\u00f3faro and Castor<\/p>\n<p style=\"text-align: center;\">ALN&#8230; AP&#8230;<br \/>\nCOLINA&#8230; M3G&#8230;<br \/>\nMAR&#8230; MCR&#8230;<br \/>\nCORRENTE&#8230; MRT&#8230;<\/p>\n<p style=\"text-align: center;\">LET\u2019S START THE ARMED STRUGGLE<br \/>\nVIOLENCE YOU WANT, VIOLENCE YOU GET<br \/>\nWE\u2019LL DO EVERYTHING FOR THE GOOD OF THE NATION<br \/>\nRESISTING TILL THE END<\/p>\n<p style=\"text-align: center;\">MNR&#8230; JR-8&#8230;<br \/>\nDISP&#8230;<br \/>\nMRM&#8230; FLN&#8230;<br \/>\nPCB&#8230;<\/p>\n<p style=\"text-align: center;\">MANY ARE JOINING NOW<br \/>\nDEFEND OUR COUNTRY, DEFEND OUR TOWN<br \/>\nLOOKING FOR THE BEST FOR BRASIL<br \/>\nHAIL DEMOCRACY!<\/p>\n<p style=\"text-align: center;\">DARE TO WIN, DARE TO FIGHT<br \/>\nNEVER SURRENDER<\/p>\n<p style=\"text-align: center;\">PERSISTENCE IN MINDS<br \/>\nNEVER SURRENDER<\/p>\n<p style=\"text-align: center;\">THE SPIRIT NEVER DIES!<\/p>\n<p style=\"text-align: center;\">ONLY ORGANIZED PEOPLE<br \/>\nWILL DEFEAT THIS DICTATORSHIP<\/p>\n<p style=\"text-align: center;\">YOU IMPRISON AND KILL<br \/>\nBUT WE STILL BREED<br \/>\nYOU CANNOT CONTROL EVERYTHING<\/p>\n<p style=\"text-align: center;\">ONE DAY THIS WILL STOP!<\/p>\n<p style=\"text-align: center;\">MR-26&#8230;<br \/>\nPCBR&#8230;<br \/>\nMR-8&#8230; RAN&#8230;<br \/>\nMEP&#8230;<\/p>\n<p style=\"text-align: center;\">EVEN WITHIN THE ARMY WE ARE<br \/>\nWE COME FROM THE CITIES AND COUNTRYSIDE<br \/>\nWE&#8217;LL DO WHATEVER WE HAVE TO DO<br \/>\nTO BRING YOU DOWN!<\/p>\n<p style=\"text-align: center;\">DARE TO WIN, DARE TO FIGHT<br \/>\nNEVER SURRENDER<\/p>\n<p style=\"text-align: center;\">PERSISTENCE IN MINDS<br \/>\nNEVER SURRENDER<\/p>\n<p style=\"text-align: center;\">THE SPIRIT NEVER DIES!<\/p>\n<p style=\"text-align: center;\"><strong>7.IN THE SLAUGHTERHOUSE<\/strong><br \/>\nLetra: A. Christ\u00f3faro<\/p>\n<p style=\"text-align: center;\">ELECTRIC SHOCK<br \/>\nCHANGING INTENSITY<br \/>\nPRODUCE BURNS AND SEIZURES<\/p>\n<p style=\"text-align: center;\">SEVERE BEATINGS<br \/>\nPUNCHES IN THE EARS<br \/>\nEARDRUMS BLOWN, YOU&#8217;RE DEAF<\/p>\n<p style=\"text-align: center;\">TRUTH SERUM<br \/>\nPOISONED TO DEATH<br \/>\nDOPED TO CONFIRM ALL THEIR LIES<\/p>\n<p style=\"text-align: center;\">DROWNING IN BARRELS<br \/>\nHEAD UNDER WATER<br \/>\nNO MORE AIR, YOU&#8217;RE DEAD<\/p>\n<p style=\"text-align: center;\">IF YOU\u2019RE AGAINST THE RULES<br \/>\nBE CAREFUL<br \/>\nTHE NEXT TARGET IS YOU<\/p>\n<p style=\"text-align: center;\">IN THE SLAUGHTERHOUSE<br \/>\nSAY OR DIE<\/p>\n<p style=\"text-align: center;\">DRAGON\u2019S CHAIR<br \/>\nSIT ON A ZINC PLATE<br \/>\nHIGH VOLTAGE TEARING YOUR BODY<\/p>\n<p style=\"text-align: center;\">FRIDGE CELL<br \/>\nFROM COLD TO UNBEARABLE HEAT<br \/>\nLOCKED IN A VERY SMALL ROOM<br \/>\nIMPOSSIBLE TO STAND OR LAY<\/p>\n<p style=\"text-align: center;\">DOPS&#8230; DOI-CODI&#8230;<br \/>\nCASA DA MORTE&#8230;<\/p>\n<p style=\"text-align: center;\">MILITARY DOCUMENTS PROVE<br \/>\nHUNDREDS OF KINDS OF TORTURE<br \/>\nNO MORALS IN THE QUEST TO FIND<br \/>\nGUERRILLAS ARMED STRUGGLE<br \/>\nTRAINED BY THE U.S. ARMY<br \/>\nTHEY DEVELOP A TASTE FOR TORTURE<br \/>\nBETTER NOT BE TAKEN TO HQ<br \/>\n&#8216;CAUSE THERE YOUR SCREAMS WON\u2019T BE HEARD<\/p>\n<p style=\"text-align: center;\">YOU WON\u2019T BE HEARD!<\/p>\n<p style=\"text-align: center;\">THOUSANDS OF PEOPLE<br \/>\nTORTURED AND KILLED<br \/>\nNOBODY IS PUNISHED FOR THESE CRIMES<\/p>\n<p style=\"text-align: center;\">AMNESTY LAW<br \/>\nALLOWS THE EXILED TO RETURN<br \/>\nBUT SHIELDS OFFENDERS FROM PROSECUTION<\/p>\n<p style=\"text-align: center;\">IF YOU\u2019RE AGAINST THE RULES<br \/>\nBE CAREFUL<br \/>\nTHE NEXT TARGET IS YOU<br \/>\nIN THE SLAUGHTERHOUSE<br \/>\nSAY OR DIE<\/p>\n<p style=\"text-align: center;\"><strong>8.CONSPIRACY OF SILENCE<\/strong><br \/>\nLetra: A. Christ\u00f3faro<\/p>\n<p style=\"text-align: center;\">YOUNG IDEALISTS<br \/>\nTHEY BELIEVE IN A CHANGE<br \/>\nOVERTAKING THE POWERS<br \/>\nWITH WEAPONS<br \/>\nON THE OTHER SIDE, THE RULING POWER<br \/>\nFIGHTING SO CALLED &#8216;TERRORISM&#8217;<br \/>\nGUERRILHA DO ARAGUAIA&#8230;<\/p>\n<p style=\"text-align: center;\">(CONSPIRACY OF SILENCE)<\/p>\n<p style=\"text-align: center;\">REVOLUTIONARY MILITANTS<br \/>\nAND A FEW MORE PEASANTS<br \/>\nTHE SMALL AGAINST THE BIG<br \/>\nTHE POOR AGAINST THE RICH<br \/>\nCHINESE AND CUBAN REVOLUTIONS<br \/>\nCONTEMPORARY VICTORIES<br \/>\nTHIS IS THE PARADIGM&#8230; TO ACT!<\/p>\n<p style=\"text-align: center;\">CIVIL LIBERTY<br \/>\nJUSTICE BE DONE<br \/>\nFREE WILL<br \/>\nTHE COUNTRY IS FOR ALL<\/p>\n<p style=\"text-align: center;\">TACTICS OF GUERRILLA MOVEMENT<br \/>\nBRINGING PEOPLE TO THE CAUSE<br \/>\nTRAINING IN CHINA OR BRAZILIAN JUNGLES<\/p>\n<p style=\"text-align: center;\">WARRIORS READY TO FREE THEMSELVES<br \/>\nFIGHT TILL DEATH<br \/>\nWARRIORS READY TO FREE THEIR PEOPLE<br \/>\nFIGHT TILL DEATH<br \/>\nWARRIORS READY TO FREE BRASIL<br \/>\nFIGHT TILL DEATH<\/p>\n<p style=\"text-align: center;\">FIRST, SOME WERE ARRESTED AND KILLED<br \/>\nBUT&#8230; GUERRILLA VICTORY<br \/>\nMILITARY COMING AGAIN<br \/>\nTHEY SEEM TO BE READY<br \/>\nEND OF 1974<br \/>\nEND OF THE DREAM<\/p>\n<p style=\"text-align: center;\">EVEN OTHER PEOPLE SUFFER<br \/>\nHUMBLE PEOPLE FROM ARAGUAIA<br \/>\nARRESTED, BEATEN, HUMILIATED<br \/>\nPSYCHOLOGICAL TERROR<br \/>\nSURVIVORS OF THE HUNT<br \/>\nARE TORTURED<br \/>\nAND KILLED FOR ALL TO SEE<\/p>\n<p style=\"text-align: center;\">CIVIL LIBERTY<br \/>\nJUSTICE BE DONE<br \/>\nFREE WILL<\/p>\n<p style=\"text-align: center;\">&#8220;OPERATION CLEANING&#8221;<br \/>\nTHE ORDER IS THE BODIES DISAPPEAR<br \/>\nBLACK SMOKE, INCINERATION<\/p>\n<p style=\"text-align: center;\">WARRIORS READY TO FREE THEMSELVES<br \/>\nFIGHT TILL DEATH<br \/>\nWARRIORS READY TO FREE THEIR PEOPLE<br \/>\nFIGHT TILL DEATH<br \/>\nWARRIORS READY TO FREE BRASIL<\/p>\n<p style=\"text-align: center;\"><strong>9.NOTHING TO DECLARE<\/strong><br \/>\nLetra: A. Evaristo<\/p>\n<p style=\"text-align: center;\">ANGEL JONES&#8230; VILLAS-BOAS&#8230; MARANH\u00c3O DO VALLE&#8230;<br \/>\nGON\u00c7ALVES FIGUEIREDO&#8230; NONATO PAZ&#8230;<br \/>\nPAPANDR\u00c9U&#8230; DE S\u00c1 RORIZ&#8230; FRAZ\u00c3O SOARES&#8230;<br \/>\nVANINI&#8230; NEHRING&#8230; LAMARCA&#8230;<\/p>\n<p style=\"text-align: center;\">YOU HIDE YOUR CRIMES BEHIND A CURTAIN OF SILENCE<br \/>\nBUT THE TIME FOR YOU TO PAY IS COMING&#8230;<\/p>\n<p style=\"text-align: center;\">ALFAIATE&#8230; KUBITSCHEK&#8230; PETIT DA SILVA&#8230;<br \/>\nPEDREIRA FERREIRA&#8230; DE P\u00c1DUA COSTA&#8230;<br \/>\nNASCIMENTO FURTADO&#8230; SALES SABOYA&#8230;<br \/>\nFREI TITO&#8230; FIEL FILHO&#8230; HERZOG&#8230;<\/p>\n<p style=\"text-align: center;\">&#8220;THE COURSE OF TRUE LOVE NEVER DID RUN SMOOTH&#8221;<\/p>\n<p style=\"text-align: center;\">SECRET DOCUMENTS DELETED BY THE SNI<br \/>\nTO GET RID OF THE DATA ABOUT PEOPLE KILLED<br \/>\nONLY THREE IN COMMAND TO DECIDE<br \/>\nWHAT ROLES &#8220;WERE USELESS&#8221;<\/p>\n<p style=\"text-align: center;\">YOU BECAME KILLERS<br \/>\nTO MAINTAIN SECURITY<br \/>\nTO ESTABLISH ORDER<br \/>\nIN THE NAME OF PROGRESS<\/p>\n<p style=\"text-align: center;\">SLAVES OF CONFORMITY<br \/>\nIS THIS YOUR CONTRIBUTION?<br \/>\nTHE BLOOD ON YOUR HANDS<br \/>\nARE THE TEARS OF THE DEAD<\/p>\n<p style=\"text-align: center;\">YOU HIDE YOUR CRIMES BEHIND A CURTAIN OF SILENCE<br \/>\nBUT THE TIME FOR YOU TO PAY IS COMING&#8230;<br \/>\nYOU CARRY THE BURDEN OF THOUSANDS OF MURDERS<br \/>\nSCUM OF THE EARTH, EVEN SO YOU&#8217;VE GOT\u2026<\/p>\n<p style=\"text-align: center;\">NOTHING TO DECLARE?!<\/p>\n<p style=\"text-align: center;\">SHAME&#8230;<br \/>\nSHAME&#8230; ON YOU!<\/p>\n<p style=\"text-align: center;\"><strong>10.FOR THE COUNTLESS DEAD (IN MEMORIAM)<\/strong><br \/>\nLetra: A. Christ\u00f3faro<\/p>\n<p style=\"text-align: center;\">EVERY STORY HAS TWO SIDES<br \/>\nTODA HIST\u00d3RIA TEM DOIS LADOS<\/p>\n<p style=\"text-align: center;\">THE GOOD AND BAD<br \/>\nO BOM E O MAL<\/p>\n<p style=\"text-align: center;\">THE TRUTH AND LIES<br \/>\nAS VERDADES E AS MENTIRAS<\/p>\n<p style=\"text-align: center;\">A SUPPOSED SECURITY<br \/>\nUMA SUPOSTA SEGURAN\u00c7A<\/p>\n<p style=\"text-align: center;\">ROADS TEARING THROUGH THE COUNTRY<br \/>\nESTRADAS CORTANDO O PA\u00cdS<\/p>\n<p style=\"text-align: center;\">THE GROWTH OF SCIENCE AND TECHNOLOGY<br \/>\nDESENVOLVIMENTO DE CI\u00caNCIA E TECNOLOGIA<\/p>\n<p style=\"text-align: center;\">BUT THE PRICE FOR ALL THIS&#8230;<br \/>\nMAS O PRE\u00c7O POR TUDO ISSO&#8230;<\/p>\n<p style=\"text-align: center;\">IS IT NOT TOO HIGH?<br \/>\nN\u00c3O \u00c9 ALTO DEMAIS?<\/p>\n<p style=\"text-align: center;\"><strong>11.FEAR TO THE WORLD<\/strong><br \/>\nLetra: A. Christ\u00f3faro and A. Evaristo<\/p>\n<p style=\"text-align: center;\">OIL CRISIS AND GLOBAL RECESSION<br \/>\nAI-5 SUSPENDED<br \/>\nTHE BEGINNING OF THE END<br \/>\nHARDLINE MILITARY CLANDESTINE ATTACKS<br \/>\nPOWERLESS AGAINST OPPOSITION VICTORIES<br \/>\nSTRIKES RECOVER THE STRENGTH OF THE PEOPLE<\/p>\n<p style=\"text-align: center;\">1983<br \/>\n&#8220;DIRETAS J\u00c1&#8221; IS THE SCREAM<br \/>\nDISAPPOINTMENT OVERALL<\/p>\n<p style=\"text-align: center;\">1985<br \/>\nTHE FUCKING GAME IS OVER<br \/>\nTHE POPULATION IS READY TO VOTE<\/p>\n<p style=\"text-align: center;\">AFTER NEVES\u2019 DEATH<br \/>\nMINOR CHANGES IN POLICY BUT<br \/>\nTHE DICTATORSHIP STILL REMAINS<\/p>\n<p style=\"text-align: center;\">1988<br \/>\nNEW CONSTITUTION ENACTED<br \/>\nDEMOCRACY FINALLY BACK?<\/p>\n<p style=\"text-align: center;\">OBSOLETE POLICY ADDICTED TO NEPOTISM<br \/>\nIS SOCIAL DICTATORSHIP MASKING DEMOCRACY?<br \/>\nSOME PAST HEROES BECOME VILLAINS<br \/>\nWITH THIS REALITY WHAT IS OUR FUTURE?<\/p>\n<p style=\"text-align: center;\">KEEP THE NATIONS UNDER CONTROL<br \/>\nTO GET THE PROFITS OF WAR<br \/>\nFEAR TO THE WORLD!<br \/>\nGLOBALIZATION IS DOMINATION<br \/>\nTO GET THE PROFITS OF WAR<br \/>\nFEAR TO THE WORLD!<\/p>\n<p style=\"text-align: center;\">LIVING IN A WORLD OF MUTUAL RESPECT<br \/>\nIT SEEMS LIKE MARTYRDOM<br \/>\nIT SEEMS BEYOND<\/p>\n<p style=\"text-align: center;\">WHAT DOESN\u2019T KILL YOU<br \/>\nMAKES YOU STRONGER<\/p>\n<p style=\"text-align: center;\">EXPECT THE BEST<br \/>\nPREPARE FOR THE WORST<br \/>\nGET WHATEVER COMES<br \/>\nBEING YOURSELF<\/p>\n<p style=\"text-align: center;\">2011<br \/>\nESTELA NOW IS IN COMMAND<br \/>\nWILL THE TRUTH COMMISSION MAKE &#8216;EM PAY?<\/p>\n<p style=\"text-align: center;\">2013<br \/>\nGLOBAL WAR REMAINS<br \/>\nEARTH PLEADS FOR LIFE<\/p>\n<p style=\"text-align: center;\">ISLANDS OF PROSPERITY IN AN OCEAN OF MISERY<\/p>\n<p style=\"text-align: center;\">POLICY<br \/>\nNEPOTISM<br \/>\nSOCIAL DICTATORSHIP<br \/>\nMASKING DEMOCRACY?<br \/>\nSOME PAST HEROES BECOME VILLAINS<br \/>\nWITH THIS REALITY WHAT IS OUR FUTURE?<\/p>\n<p style=\"text-align: center;\">KEEP THE NATIONS UNDER CONTROL<br \/>\nTO GET THE PROFITS OF WAR<br \/>\nFEAR TO THE WORLD!<br \/>\nGLOBALIZATION IS DOMINATION<br \/>\nTO GET THE PROFITS OF WAR<br \/>\nFEAR TO THE WORLD!<\/p>\n<p style=\"text-align: center;\">\u2026BE YOURSELF!!!<\/p>\n<p style=\"text-align: center;\">THIS TERRORIST CRUSADE IS NOTHING BUT A LIE!<\/p>\n","protected":false},"excerpt":{"rendered":"<p>Esquadr\u00e3o de Tortura &#8211; 2013 1.NO ESCAPE FROM HELL Letra: A. Christ\u00f3faro MILITARY TIMES ARRIVED A BETTER ERA COMING? NOBODY KNOWS REASSURING WORDS PACIFY APRIL FOOL\u2019S DAY\u2026 A SET OF ACTIONS FROM JANGO CONTENTING SOME OTHERS NOT OPERATION BROTHER SAM FOR THE NATIONAL ELITE AND ARMED FORCES\u2026 THE TIME IS NOW! FURTHER INTERESTS CORRUPTING LIVES [&hellip;]<\/p>\n","protected":false},"author":1,"featured_media":0,"parent":0,"menu_order":0,"comment_status":"open","ping_status":"open","template":"","meta":{"ngg_post_thumbnail":0,"footnotes":""},"class_list":["post-448","page","type-page","status-publish","hentry"],"_links":{"self":[{"href":"https:\/\/torturesquad.com.br\/site\/wp-json\/wp\/v2\/pages\/448","targetHints":{"allow":["GET"]}}],"collection":[{"href":"https:\/\/torturesquad.com.br\/site\/wp-json\/wp\/v2\/pages"}],"about":[{"href":"https:\/\/torturesquad.com.br\/site\/wp-json\/wp\/v2\/types\/page"}],"author":[{"embeddable":true,"href":"https:\/\/torturesquad.com.br\/site\/wp-json\/wp\/v2\/users\/1"}],"replies":[{"embeddable":true,"href":"https:\/\/torturesquad.com.br\/site\/wp-json\/wp\/v2\/comments?post=448"}],"version-history":[{"count":2,"href":"https:\/\/torturesquad.com.br\/site\/wp-json\/wp\/v2\/pages\/448\/revisions"}],"predecessor-version":[{"id":3680,"href":"https:\/\/torturesquad.com.br\/site\/wp-json\/wp\/v2\/pages\/448\/revisions\/3680"}],"wp:attachment":[{"href":"https:\/\/torturesquad.com.br\/site\/wp-json\/wp\/v2\/media?parent=448"}],"curies":[{"name":"wp","href":"https:\/\/api.w.org\/{rel}","templated":true}]}}