{"id":4704,"date":"2025-02-06T10:25:48","date_gmt":"2025-02-06T10:25:48","guid":{"rendered":"https:\/\/torturesquad.com.br\/site\/?page_id=4704"},"modified":"2025-02-06T10:41:10","modified_gmt":"2025-02-06T10:41:10","slug":"devilish","status":"publish","type":"page","link":"https:\/\/torturesquad.com.br\/site\/devilish\/","title":{"rendered":"Devilish"},"content":{"rendered":"<h1>DEVILISH &#8211; 2023<\/h1>\n<p><center><img decoding=\"async\" src=\"http:\/\/torturesquad.com.br\/site\/wp-content\/uploads\/2024\/01\/Torture-Squad-Devilish-scaled.jpg\" alt=\"\" width=\"50%\" height=\"auto\" class=\"size-full wp-image-4356\" srcset=\"https:\/\/torturesquad.com.br\/site\/wp-content\/uploads\/2024\/01\/Torture-Squad-Devilish-scaled.jpg 2560w, https:\/\/torturesquad.com.br\/site\/wp-content\/uploads\/2024\/01\/Torture-Squad-Devilish-600x600.jpg 600w, https:\/\/torturesquad.com.br\/site\/wp-content\/uploads\/2024\/01\/Torture-Squad-Devilish-1024x1024.jpg 1024w, https:\/\/torturesquad.com.br\/site\/wp-content\/uploads\/2024\/01\/Torture-Squad-Devilish-500x500.jpg 500w, https:\/\/torturesquad.com.br\/site\/wp-content\/uploads\/2024\/01\/Torture-Squad-Devilish-768x768.jpg 768w, https:\/\/torturesquad.com.br\/site\/wp-content\/uploads\/2024\/01\/Torture-Squad-Devilish-1536x1536.jpg 1536w, https:\/\/torturesquad.com.br\/site\/wp-content\/uploads\/2024\/01\/Torture-Squad-Devilish-2048x2048.jpg 2048w\" sizes=\"(max-width: 2560px) 100vw, 2560px\" \/><\/center><\/p>\n<p style=\"text-align: center;\"><strong>HELL IS COMING<\/strong><br \/>\nMusic: Torture Squad<br \/>\nLyrics: May Puertas<\/p>\n<p style=\"text-align: center;\">In this world there\u00b4s no god,<br \/>\nBut hell and heaven are still on war<br \/>\nNo one wins, no one loses<br \/>\nAnd many died by the hands of fools<\/p>\n<p style=\"text-align: center;\">Hell is coming<\/p>\n<p style=\"text-align: center;\">A Scary dream is hunting me , old friend<br \/>\nStarts with a journey to a distant land<br \/>\nThere I find a city in Flames<br \/>\nThis senseless slaughter<br \/>\nI saw&#8230;<\/p>\n<p style=\"text-align: center;\">Hell is coming<br \/>\nGive me power Mephisto\u2019s daughter<br \/>\nThey Return<br \/>\nOpen the gates to the infernal lords<\/p>\n<p style=\"text-align: center;\">Hell is coming and I can feel<\/p>\n<p style=\"text-align: center;\">By three they will come<br \/>\nThe key is the blood of their own<br \/>\nBy the blood of the willing, we call you<br \/>\nHail, Lilith!<\/p>\n<p style=\"text-align: center;\">Daughter of the hatred, mother of this world<br \/>\nDaughter of the hatred , mother (2x)<\/p>\n<p style=\"text-align: center;\">Hatred!<\/p>\n<p style=\"text-align: center;\">Lillith returns<br \/>\nLilith returns<br \/>\nLilith returns<\/p>\n<p style=\"text-align: center;\">No one can see the fire burn out<br \/>\nTotal eclipse, painful blackout<br \/>\nCome to the wings of<br \/>\nQueen of the Nephalen<\/p>\n<p style=\"text-align: center;\">Hell is coming<\/p>\n<p style=\"text-align: center;\">In this world there\u2019s no god,<br \/>\nBut hell and heaven are still on war<br \/>\nTathamet\u2019s seven heads<br \/>\nCondemn the world to death<\/p>\n<p style=\"text-align: center;\">Hell is coming<br \/>\nGive me power Mephisto\u00b4s daugther<br \/>\nThey Return<br \/>\nOpen the gates to the infernal lords<\/p>\n<p style=\"text-align: center;\">Hell is coming<\/p>\n<p style=\"text-align: center;\"><strong>FLUKEMAN<\/strong><br \/>\nMusic: Torture Squad<br \/>\nLyrics: May Puertas<\/p>\n<p style=\"text-align: center;\">Mutant sewage worm<br \/>\nParasitic organism<br \/>\nliving in the mud<br \/>\nInside the deep holes<\/p>\n<p style=\"text-align: center;\">He was born of human rot<br \/>\nFrom the remains of atomic bombs<br \/>\nContaminating everything around<br \/>\nHumanoid that you can\u2019t kill<br \/>\nCause regenerate he will<br \/>\nAttack and bite you right in your neck<\/p>\n<p style=\"text-align: center;\">Flukeman is chasing you<br \/>\nInoculate the host<br \/>\nFlukeman is chasing you<br \/>\ninside you it grows<br \/>\nFlukeman is chasing you<br \/>\nInoculate the host<\/p>\n<p style=\"text-align: center;\">Can you feel this worm?<br \/>\nTurning madly in your guts?<br \/>\nYou will suffer and scream<br \/>\nbringing to life this monstrosity<\/p>\n<p style=\"text-align: center;\">He was born of human rot<br \/>\nFrom the remains of atomic bombs<br \/>\ncontaminating everything around<br \/>\nHumanoid that you Can\u2019t kill<br \/>\nCause regenerate he will<br \/>\nAttack and bite you right in your neck<\/p>\n<p style=\"text-align: center;\">Flukeman<br \/>\nInoculate the host<br \/>\nFlukeman<br \/>\ninside you it grows<br \/>\nFlukeman<br \/>\nInoculate the host<\/p>\n<p style=\"text-align: center;\"><strong>BURIED ALIVE<\/strong><br \/>\nMusic: Torture Squad<br \/>\nLyrics: May Puertas<\/p>\n<p style=\"text-align: center;\">I can\u2019t stop my mind<br \/>\nThoughts run fast day and night<br \/>\nUncontrolled movements<br \/>\nThis agony is not natural.<\/p>\n<p style=\"text-align: center;\">Wakefull nights in pain and mental confusion<br \/>\nThey try to heal me with drugs and religion<\/p>\n<p style=\"text-align: center;\">Draining my chances<br \/>\nTo find a way out of my head!<br \/>\nDraining my chances<br \/>\nDo I still have chances? To find a way out of my head?<br \/>\nDo I still have chances?<\/p>\n<p style=\"text-align: center;\">Buried alive<br \/>\nBuried alive<br \/>\nInside this place I can&#8217;t stay<\/p>\n<p style=\"text-align: center;\">I can\u2019t close my eyes<br \/>\nAround me all falls apart<br \/>\nPeople don&#8217;t shut up<br \/>\nTime\u2019s gone and I<br \/>\nI left so many things aside<br \/>\nI will keep fighting<\/p>\n<p style=\"text-align: center;\">Wakefull nights in pain<br \/>\nAnd mental confusion<br \/>\nThey try to heal me<br \/>\nWith drugs and religion<\/p>\n<p style=\"text-align: center;\">Buried Alive<br \/>\nFalse smiles fake friends<br \/>\nBuried alive<br \/>\nBuried alive<br \/>\nInside this place I can&#8217;t stay<\/p>\n<p style=\"text-align: center;\"><strong>WARRIOR (Rickson Gracie Tribute)<\/strong><br \/>\nMusic and Lyrics: Amilcar Christ\u00f3faro<\/p>\n<p style=\"text-align: center;\">Unshakable Soul<br \/>\nUnbreakable Heart<br \/>\nStrong Spirit<br \/>\n\u201cOur fears don\u2019t stop death,<br \/>\nthey stop life\u201d<\/p>\n<p style=\"text-align: center;\">Warrior<br \/>\nBorn to Fight<br \/>\nLearn to win<br \/>\nLive to help<\/p>\n<p style=\"text-align: center;\">Warrior<br \/>\nif you are ready to die<br \/>\nYou are ready to Live<\/p>\n<p style=\"text-align: center;\">Take your time, Breath<br \/>\nThen decide what to do<br \/>\nFocus on your life<br \/>\nLook around you and find something for which to be grateful for<br \/>\nI don\u2019t Live for money, I live for Emotions it\u2019s what he says<br \/>\nYou have always to be ready to live your worst nightmare<br \/>\nKeep Your Strong Spirit Alive<\/p>\n<p style=\"text-align: center;\">Warrior<br \/>\nBorn to Fight<br \/>\nLearn to win<br \/>\nLive to help<\/p>\n<p style=\"text-align: center;\">Warrior<br \/>\nif you are ready to die<br \/>\nYou are ready to Live<\/p>\n<p style=\"text-align: center;\">Warrior<br \/>\nUndefeated Life<br \/>\nReach the truth in your heart<\/p>\n<p style=\"text-align: center;\">Solo<\/p>\n<p style=\"text-align: center;\">Keep Your Strong Spirit Alive<\/p>\n<p style=\"text-align: center;\">Warriors<br \/>\nBorn to Fight<br \/>\nLearn to win<br \/>\nLive to help<\/p>\n<p style=\"text-align: center;\">Warrior<br \/>\nif you are ready to die<br \/>\nYou are ready to Live<\/p>\n<p style=\"text-align: center;\"><strong>SANCTUARY<\/strong><br \/>\nMusic: Torture Squad<br \/>\nLyrics: May Puertas<\/p>\n<p style=\"text-align: center;\">Redemptor: &#8211; One by one little ones<br \/>\nChildren: &#8211; Faith prisioners<br \/>\nRedemptor: &#8211; One by one marching one<br \/>\nChildren: &#8211; Faith prisioners<\/p>\n<p style=\"text-align: center;\">I can say<br \/>\nSolitude is a wonderful thing<br \/>\nIt allows a man to be with himself<\/p>\n<p style=\"text-align: center;\">Preventing others of being with him<br \/>\nNo man can ever be sure<br \/>\nWhen he&#8217;s alone<br \/>\nHe&#8217;s a thinking creature<\/p>\n<p style=\"text-align: center;\">And everyone else<br \/>\nI\u2019s a fucking machine<br \/>\nWho pretends to themselves<br \/>\nThat they feel and think.<\/p>\n<p style=\"text-align: center;\">Wipe out our sins<br \/>\nBut I carry no blame!<br \/>\nWipe out our sins<br \/>\nBut I carry no blame<br \/>\nPunish us for our faults<br \/>\nPure and unconscious<\/p>\n<p style=\"text-align: center;\">Sanctuary<br \/>\nThis is a damned lie<br \/>\nNo redemption<br \/>\nWhat doors hide behind?<br \/>\nLive to suffer<br \/>\nSurviving in this place<br \/>\nThere\u2019s some meaning<br \/>\nSome meaning in suffering<\/p>\n<p style=\"text-align: center;\">Hostages of this blessed lie<br \/>\nThere is no crime there is no reason<br \/>\nForbidden doors,torture zone<br \/>\nHard to find, easy to get lost<br \/>\nWhen holy men are behind doors<br \/>\nBlood runs down the floor<\/p>\n<p style=\"text-align: center;\">I confess my sins<br \/>\nBut I take no blame<br \/>\nSacred hypocrisy<\/p>\n<p style=\"text-align: center;\">Sanctuary<br \/>\nThis is a damned lie<br \/>\nNo redemption<br \/>\nWhat doors hide behind ?<br \/>\nTo live is to suffer,<br \/>\nSurviving in this place<br \/>\nThere\u2019s some meaning<br \/>\nSome meaning In suffering<\/p>\n<p style=\"text-align: center;\"><strong>UATUM\u00c3<\/strong><br \/>\nMusic: Torture Squad<br \/>\nLyrics: Mayara Puertas<\/p>\n<p style=\"text-align: center;\">(MAY)<br \/>\nUatum\u00e3 o antigo<br \/>\nUatum\u00e3 desperta<br \/>\nUatum\u00e3 te chamo<\/p>\n<p style=\"text-align: center;\">Uatum\u00e3 the ancient<br \/>\nUatum\u00e3 awakens<br \/>\nUatum\u00e3, I call you<\/p>\n<p style=\"text-align: center;\">Des\u00e9rtico, in\u00f3spito, sem vida ardia a terra de uatum\u00e3<br \/>\nOs vulc\u00f5es mais antigos da terra reinaram na era do magma<br \/>\nMilhares de anos se passam<br \/>\nA floresta se ergueu<br \/>\nO gigante pulm\u00e3o do mundo caiu nas m\u00e3os do homem imundo<\/p>\n<p style=\"text-align: center;\">Retorne Uatum\u00e3<br \/>\nGuasu (Grande)<br \/>\nMombak (Desperte)<\/p>\n<p style=\"text-align: center;\">Desperte Uatum\u00e3<br \/>\nGuasu (Grande)<br \/>\nMombak (Desperte)<\/p>\n<p style=\"text-align: center;\">(Suzane H\u00e9cate)<br \/>\nUatum\u00e3 pa\u00eee-katu (Uatum\u00e3 paj\u00e9 bom)<br \/>\nUatum\u00e3 mombak (Uatum\u00e3 desperte)<br \/>\nUatum\u00e3 asen\u00f5i (Uatum\u00e3 eu te chamo)<\/p>\n<p style=\"text-align: center;\">Uatum\u00e3 the ancient<br \/>\nUatum\u00e3 awakens<br \/>\nUatum\u00e3 I call you<\/p>\n<p style=\"text-align: center;\">(Vitor Rodrigues)<br \/>\nDia ap\u00f3s dia a gan\u00e2ncia profana<br \/>\nA terra da amaz\u00f4nia<\/p>\n<p style=\"text-align: center;\">Destinada a ser degradada<br \/>\nVendida nas m\u00e3os de um governo<br \/>\n(MAY,SUZANE e VITOR)<br \/>\nQue esmaga a heran\u00e7a ind\u00edgena<\/p>\n<p style=\"text-align: center;\">(Jo\u00e3o Luis)<br \/>\nFor a long time the pain of the world is in the hands of mankind<br \/>\nWe need to stop the fire, and the life will rise again<\/p>\n<p style=\"text-align: center;\">\u201cEu n\u00e3o quero guerra. Juntamente com nossos parentes ind\u00edgenas, fizemos um documento e vamos entregar ao governo. N\u00f3s queremos paz, n\u00f3s queremos respeito m\u00fatuo. \u00cdndio tem que respeitar o branco, e branco tem que respeitar o \u00ednd\u00edgena. N\u00f3s tivemos um grande encontro na aldeia Piara\u00e7u, em Mato Grosso, e todos que participaram disseram que n\u00e3o querem a destrui\u00e7\u00e3o. N\u00e3o queremos garimpeiros e madeireiros. Isso tr\u00e1s a viol\u00eancia, e n\u00f3s n\u00e3o aceitamos isso.Queremos paz e respeito.\u201d<\/p>\n<p style=\"text-align: center;\">Depoimento do Cacique Raoni para o portal de not\u00edcias DW Brasil em 20.01.2020<\/p>\n<p style=\"text-align: center;\">(MAY e JO\u00c3O) UATUM\u00c3<br \/>\n(SUZANE e VITOR) DESPERTE \u00d3 ANTIGO<br \/>\n(MAY e JO\u00c3O) UATUM\u00c3<br \/>\n(SUZANE e VITOR) TE INVOCAMOS<br \/>\n(MAY e JO\u00c3O) UATUM\u00c3<br \/>\n(SUZANE e VITOR) BUMBAK<br \/>\n(\u00daltimo refr\u00e3o &#8211; MAY,SUZANE, VITOR e JO\u00c3O)<br \/>\nRetorne Uatum\u00e3<br \/>\nGuasu (Grande)<br \/>\nMombak (Desperte)<br \/>\nDesperte Uatum\u00e3<br \/>\nGuasu (Grande)<br \/>\nMombak (Desperte)<\/p>\n<p style=\"text-align: center;\"><strong>THOTH<\/strong><br \/>\nMusic: Torture Squad<br \/>\nLyrics: Rene Simonato<\/p>\n<p style=\"text-align: center;\">The Egyptian god of wisdom<br \/>\nScribe of the divine<br \/>\nKeeper of the Books of Life<br \/>\nMaster of all arts and sciences<\/p>\n<p style=\"text-align: center;\">Three Times Greatest<br \/>\nPerfect in all crafts<br \/>\nThoth Hermes Trismegistus<br \/>\nRuler of the Three Worlds<\/p>\n<p style=\"text-align: center;\">The first great sage<br \/>\nMaster of the wise<br \/>\nKeeper of the secret gates<\/p>\n<p style=\"text-align: center;\">The Kybalion holds<br \/>\nThe Seven Secrets of All Ages<br \/>\nEmerald Tablets of Thoth<br \/>\nOpen your mind and find your way<\/p>\n<p style=\"text-align: center;\">CHORUS<br \/>\nAs within, so without<br \/>\nAs above, so below<br \/>\nAll things rise and fall<br \/>\nWake up and see. The Mind is All.<\/p>\n<p style=\"text-align: center;\">In the universal mind<br \/>\nmeet the extremes<br \/>\nAll truths, are but half-truths<br \/>\nNothing rests, everything moves<\/p>\n<p style=\"text-align: center;\">Rhythm compensates<br \/>\nOpen your mind and find your way<br \/>\nKeep trying to find the gates<br \/>\nExpand your mind or hell awaits<\/p>\n<p style=\"text-align: center;\">The first great sage<br \/>\nMaster of the greats<br \/>\nKeeper of the secret gates<\/p>\n<p style=\"text-align: center;\">The Kybalion holds<br \/>\nThe Seven Secrets of All Ages<br \/>\nEmerald Tablets of Thoth<br \/>\nOpen your mind and find your way<br \/>\nCHORUS<br \/>\nAs within, so without<br \/>\nAs above, so below<br \/>\nAll things rise and fall<br \/>\nWake up and see. The Mind is All.<\/p>\n<p style=\"text-align: center;\"><strong>MABUS<\/strong><br \/>\nMusic: Torture Squad<br \/>\nLyrics: Castor<\/p>\n<p style=\"text-align: center;\">The last tyrant of the earth<br \/>\nMabus will soon die<br \/>\nThen will come the curse<br \/>\nWhen the comet arises<\/p>\n<p style=\"text-align: center;\">Then we shall see vengeance and blood<br \/>\nFinally, his work is done<\/p>\n<p style=\"text-align: center;\">Twenty seven years of war<br \/>\nPulverizing the human existence<br \/>\nIt will fall upon men and beasts<br \/>\nA hideous fate<br \/>\nThen we shall see vengeance and blood<br \/>\nFinally, his work is done<\/p>\n<p style=\"text-align: center;\">Rise, Rise, Rise<br \/>\nThird antichrist<br \/>\nRise<\/p>\n<p style=\"text-align: center;\">The unbelievers are dead<br \/>\nEvil has taken over<br \/>\nBlood, corpses, red hail<br \/>\nwill cover the earth<\/p>\n<p style=\"text-align: center;\">Then we shall see vengeance and blood<br \/>\nFinally, his work is done<\/p>\n<p style=\"text-align: center;\"><strong>TO FIND MY WAY<\/strong><br \/>\nMusic and Lyric:s Amilcar Christ\u00f3faro<\/p>\n<p style=\"text-align: center;\">I\u00b4m waiting<br \/>\nI\u00b4m Waiting for you<br \/>\nI\u00b4m wating for you before the afterlife<\/p>\n<p style=\"text-align: center;\">Lost on the Unknown<br \/>\nBut I don\u00b4t feel alone<br \/>\nClibing in the sacred stones my thoughts are with you<\/p>\n<p style=\"text-align: center;\">I\u00b4m here to know who I am<\/p>\n<p style=\"text-align: center;\">When I see the steps above me<br \/>\nCan I touch the Sky?<br \/>\nBurnt by the sun<br \/>\nI will take my run<br \/>\nWil I reach the gods?<\/p>\n<p style=\"text-align: center;\">Do you believe in Goddes?<br \/>\nDo you believe in Darkness?<br \/>\nCan you fell them coming and touching your soul?<\/p>\n<p style=\"text-align: center;\">I\u00b4m here<br \/>\nTo learn more<br \/>\nTo find something<br \/>\nTo Find My Way<\/p>\n<p style=\"text-align: center;\"><strong>A FAREWELL TO MANKIND<\/strong><br \/>\nMusic: Torture Squad<br \/>\nLyrics: Castor<\/p>\n<p style=\"text-align: center;\">For over a billion years<br \/>\nCarrying many forms of lives<br \/>\nSurviving, resisting<br \/>\nThe ultimate catastrophe<\/p>\n<p style=\"text-align: center;\">Sulfur covers the earth<br \/>\nHand in hand we will die<\/p>\n<p style=\"text-align: center;\">Deadly destiny<br \/>\nLost infinity<br \/>\nSwallowed by the tide<br \/>\nEndless time<\/p>\n<p style=\"text-align: center;\">Unknown knowledge<br \/>\nLife flows beyond the stars<br \/>\nSailing into darkness<br \/>\nA pixel in the universe<\/p>\n<p style=\"text-align: center;\">Going towards the end<br \/>\nHand in hand we will die<\/p>\n<p style=\"text-align: center;\">Chorus:<br \/>\nDeath is just another step<br \/>\nI&#8217; m on the last lap<br \/>\nIn the course of nature<br \/>\nIt&#8217;s time to say<br \/>\nA farewell to mankind<\/p>\n<p style=\"text-align: center;\">Repeat chorus<\/p>\n","protected":false},"excerpt":{"rendered":"<p>DEVILISH &#8211; 2023 HELL IS COMING Music: Torture Squad Lyrics: May Puertas In this world there\u00b4s no god, But hell and heaven are still on war No one wins, no one loses And many died by the hands of fools Hell is coming A Scary dream is hunting me , old friend Starts with a [&hellip;]<\/p>\n","protected":false},"author":1,"featured_media":0,"parent":0,"menu_order":0,"comment_status":"closed","ping_status":"closed","template":"","meta":{"ngg_post_thumbnail":0,"footnotes":""},"class_list":["post-4704","page","type-page","status-publish","hentry"],"_links":{"self":[{"href":"https:\/\/torturesquad.com.br\/site\/wp-json\/wp\/v2\/pages\/4704","targetHints":{"allow":["GET"]}}],"collection":[{"href":"https:\/\/torturesquad.com.br\/site\/wp-json\/wp\/v2\/pages"}],"about":[{"href":"https:\/\/torturesquad.com.br\/site\/wp-json\/wp\/v2\/types\/page"}],"author":[{"embeddable":true,"href":"https:\/\/torturesquad.com.br\/site\/wp-json\/wp\/v2\/users\/1"}],"replies":[{"embeddable":true,"href":"https:\/\/torturesquad.com.br\/site\/wp-json\/wp\/v2\/comments?post=4704"}],"version-history":[{"count":6,"href":"https:\/\/torturesquad.com.br\/site\/wp-json\/wp\/v2\/pages\/4704\/revisions"}],"predecessor-version":[{"id":4710,"href":"https:\/\/torturesquad.com.br\/site\/wp-json\/wp\/v2\/pages\/4704\/revisions\/4710"}],"wp:attachment":[{"href":"https:\/\/torturesquad.com.br\/site\/wp-json\/wp\/v2\/media?parent=4704"}],"curies":[{"name":"wp","href":"https:\/\/api.w.org\/{rel}","templated":true}]}}