{"id":4715,"date":"2025-02-06T10:56:32","date_gmt":"2025-02-06T10:56:32","guid":{"rendered":"https:\/\/torturesquad.com.br\/site\/?page_id=4715"},"modified":"2025-02-06T10:57:07","modified_gmt":"2025-02-06T10:57:07","slug":"o-doutrinador","status":"publish","type":"page","link":"https:\/\/torturesquad.com.br\/site\/o-doutrinador\/","title":{"rendered":"O Doutrinador"},"content":{"rendered":"<h1>O DOUTRINADOR &#8211; 2020<\/h1>\n<p><center><img decoding=\"async\" class=\"size-full wp-image-1389\" src=\"http:\/\/torturesquad.com.br\/site\/wp-content\/uploads\/2020\/08\/doutrinador.jpg\" alt=\"\" width=\"50%\" height=\"auto\" srcset=\"https:\/\/torturesquad.com.br\/site\/wp-content\/uploads\/2020\/08\/doutrinador.jpg 1772w, https:\/\/torturesquad.com.br\/site\/wp-content\/uploads\/2020\/08\/doutrinador-600x600.jpg 600w, https:\/\/torturesquad.com.br\/site\/wp-content\/uploads\/2020\/08\/doutrinador-1024x1024.jpg 1024w, https:\/\/torturesquad.com.br\/site\/wp-content\/uploads\/2020\/08\/doutrinador-500x500.jpg 500w, https:\/\/torturesquad.com.br\/site\/wp-content\/uploads\/2020\/08\/doutrinador-768x768.jpg 768w, https:\/\/torturesquad.com.br\/site\/wp-content\/uploads\/2020\/08\/doutrinador-1536x1536.jpg 1536w\" sizes=\"(max-width: 1772px) 100vw, 1772px\" \/><\/center><\/p>\n<p style=\"text-align: center;\"><strong>O DOUTRINADOR<\/strong><\/p>\n<p style=\"text-align: center;\">Sou o que sobrou<br \/>\nNenhum corrupto ser\u00e1 poupado<br \/>\nQuem n\u00e3o reage rasteja<br \/>\nSou a urg\u00eancia das ruas<\/p>\n<p style=\"text-align: center;\">Nascido na indigna\u00e7\u00e3o<br \/>\nAssassinato ou justi\u00e7a?<br \/>\nUma na\u00e7\u00e3o de ovelhas<br \/>\nGera um governo de lobos<\/p>\n<p style=\"text-align: center;\">Matar, ca\u00e7ar<br \/>\nN\u00e3o diga que n\u00e3o posso me rebelar<br \/>\nViver sem sofrer<br \/>\nUtopia<\/p>\n<p style=\"text-align: center;\">Doutrinador<\/p>\n","protected":false},"excerpt":{"rendered":"<p>O DOUTRINADOR &#8211; 2020 O DOUTRINADOR Sou o que sobrou Nenhum corrupto ser\u00e1 poupado Quem n\u00e3o reage rasteja Sou a urg\u00eancia das ruas Nascido na indigna\u00e7\u00e3o Assassinato ou justi\u00e7a? Uma na\u00e7\u00e3o de ovelhas Gera um governo de lobos Matar, ca\u00e7ar N\u00e3o diga que n\u00e3o posso me rebelar Viver sem sofrer Utopia Doutrinador<\/p>\n","protected":false},"author":1,"featured_media":0,"parent":0,"menu_order":0,"comment_status":"closed","ping_status":"closed","template":"","meta":{"ngg_post_thumbnail":0,"footnotes":""},"class_list":["post-4715","page","type-page","status-publish","hentry"],"_links":{"self":[{"href":"https:\/\/torturesquad.com.br\/site\/wp-json\/wp\/v2\/pages\/4715","targetHints":{"allow":["GET"]}}],"collection":[{"href":"https:\/\/torturesquad.com.br\/site\/wp-json\/wp\/v2\/pages"}],"about":[{"href":"https:\/\/torturesquad.com.br\/site\/wp-json\/wp\/v2\/types\/page"}],"author":[{"embeddable":true,"href":"https:\/\/torturesquad.com.br\/site\/wp-json\/wp\/v2\/users\/1"}],"replies":[{"embeddable":true,"href":"https:\/\/torturesquad.com.br\/site\/wp-json\/wp\/v2\/comments?post=4715"}],"version-history":[{"count":3,"href":"https:\/\/torturesquad.com.br\/site\/wp-json\/wp\/v2\/pages\/4715\/revisions"}],"predecessor-version":[{"id":4718,"href":"https:\/\/torturesquad.com.br\/site\/wp-json\/wp\/v2\/pages\/4715\/revisions\/4718"}],"wp:attachment":[{"href":"https:\/\/torturesquad.com.br\/site\/wp-json\/wp\/v2\/media?parent=4715"}],"curies":[{"name":"wp","href":"https:\/\/api.w.org\/{rel}","templated":true}]}}