{"id":750,"date":"2015-10-04T09:52:14","date_gmt":"2015-10-04T12:52:14","guid":{"rendered":"http:\/\/torturesquad.net.br\/site\/?page_id=750"},"modified":"2024-01-03T22:54:59","modified_gmt":"2024-01-03T22:54:59","slug":"mayara-puertas","status":"publish","type":"page","link":"https:\/\/torturesquad.com.br\/site\/mayara-puertas\/","title":{"rendered":"Mayara Puertas"},"content":{"rendered":"<p><img decoding=\"async\" class=\"size-full wp-image-4315 alignleft\" src=\"http:\/\/torturesquad.com.br\/site\/wp-content\/uploads\/2020\/08\/Mayara-2.jpg\" alt=\"3\" width=\"40%\" height=\"auto\" srcset=\"https:\/\/torturesquad.com.br\/site\/wp-content\/uploads\/2020\/08\/Mayara-2.jpg 960w, https:\/\/torturesquad.com.br\/site\/wp-content\/uploads\/2020\/08\/Mayara-2-600x419.jpg 600w, https:\/\/torturesquad.com.br\/site\/wp-content\/uploads\/2020\/08\/Mayara-2-768x537.jpg 768w, https:\/\/torturesquad.com.br\/site\/wp-content\/uploads\/2020\/08\/Mayara-2-328x228.jpg 328w\" sizes=\"(max-width: 960px) 100vw, 960px\" \/>Mayara Puertas nasceu em 1993 em Santo Andr\u00e9 no ABC Paulista, canta desde pequena tendo sua inicia\u00e7\u00e3o musical com canto popular e piano influenciada pela fam\u00edlia que sempre esteve muito ligada \u00e0s artes musicais.<\/p>\n<p>Ainda na inf\u00e2ncia aprendeu sozinha a tocar piano, e da mesma forma aprendeu a tocar viol\u00e3o e guitarra revirando velhas apostilas de estudo do pai, tocando m\u00fasicas de bandas como Creedence, Secos e Molhados e Kansas.<\/p>\n<p>Come\u00e7ou a ouvir Heavy Metal por influencia de um amigo que lhe apresentou o estilo, as primeiras bandas que chamaram sua aten\u00e7\u00e3o foram Iced Earth, Iron Maiden, Manowar e Hammerfall. Com o tempo buscou sons cada vez mais pesados e encontrou no Thrash Metal e metal extremo os estilos com que mais se identificava, dedicando-se a aprender tamb\u00e9m a t\u00e9cnicas vocais mais agressivas, inspirando-se em bandas como Cannibal Corpse, Morbid Angel, Hypocrisy e Overkill.<\/p>\n<p>Sempre gostou de compor e explorar diversas t\u00e9cnicas vocais, chegou a montar duas bandas de metal extremo, Lithania (Death Metal), e Brutalia (Doom\/Death Metal) mas que n\u00e3o chegaram a ter lan\u00e7amentos oficiais.<\/p>\n<p>Em 2012 foi convidada a assumir o posto de vocalista da banda de Death Metal Necromesis, onde registrou o EP &#8220;Echoes of a Memory&#8221; e o Full Album &#8220;The Poet&#8217;s Paradox&#8221; participando assiduamente das composi\u00e7\u00f5es contribuindo com riffs, e onde teve a oportunidade de gravar tamb\u00e9m teclados e viol\u00f5es para as musicas. Com o Necromesis se apresentou em diversas cidades Brasileiras incluindo uma mini tour com as bandas Master (EUA) e Vital Remains (EUA), &nbsp;sendo tamb\u00e9m citada pelo site Female Metal como uma das melhores vocalistas do metal extremo de 2014. Deixou a banda em 2015, tendo como seu ultimo registro um tributo ao Bathory onde gravou uma vers\u00e3o de Man of Iron mesclado vocais limpos, guturais e rasgados. Em 2015 iniciou os trabalhos \u00e0 frente do G\u00f3rgona, projeto de metal extremo no qual compoe com sua parceira a baixista Patr\u00edcia Schlithler (Ex Hellarise\/ Ex-Harppia).<\/p>\n<p>Em outubro de 2015 \u00e9 chamada a fazer parte do Torture Squad como vocalista oficial e&nbsp;j\u00e1 encarando uma agenda de shows pelo Brasil.<\/p>\n<p>Principais Influ\u00eancias: David Vincent (Morbid Angel), George &nbsp;Corpse Grinder\u201cFisher\u201d (Cannibal Corpse), Rachel Heyzer (.Infinited Hate\/Ex-Sinister) Peter T\u00e4gtgren (Hypocrisy\/Pain), Sabina Classen (Holy Moses), Bobby &#8220;Blitz&#8221; (Overkill).<\/p>\n<p><strong>DISCOGRAFIA:<\/strong><\/p>\n<p>Necromesis: &#8220;Echoes of a memory (EP 2014)<br \/>\n&#8220;The Poet&#8217;s Paradox&#8221; (Full Album 2015)<br \/>\nBathory Brazilian Tribute &#8211; Track Man of Iron (2015)<br \/>\nReturn of Evil (2016)<br \/>\nFar Beyond Existence (2017)<\/p>\n<p><strong>VIDEOGRAFIA:<\/strong><\/p>\n<p><a href=\"https:\/\/www.youtube.com\/watch?v=9V2LE6hlkQA\" target=\"_blank\" rel=\"noopener noreferrer\">Necromesis: Indifferent Echoes of Sensitivity<\/a><br \/>\n<a href=\"https:\/\/www.youtube.com\/watch?v=zYN91s0Hmbg\" target=\"_blank\" rel=\"noopener noreferrer\">NervoChaos: For Passion Not Fashion<\/a><\/p>\n","protected":false},"excerpt":{"rendered":"<p>Mayara Puertas nasceu em 1993 em Santo Andr\u00e9 no ABC Paulista, canta desde pequena tendo sua inicia\u00e7\u00e3o musical com canto popular e piano influenciada pela fam\u00edlia que sempre esteve muito ligada \u00e0s artes musicais. Ainda na inf\u00e2ncia aprendeu sozinha a tocar piano, e da mesma forma aprendeu a tocar viol\u00e3o e guitarra revirando velhas apostilas [&hellip;]<\/p>\n","protected":false},"author":1,"featured_media":0,"parent":0,"menu_order":0,"comment_status":"open","ping_status":"open","template":"","meta":{"ngg_post_thumbnail":0,"footnotes":""},"class_list":["post-750","page","type-page","status-publish","hentry"],"_links":{"self":[{"href":"https:\/\/torturesquad.com.br\/site\/wp-json\/wp\/v2\/pages\/750","targetHints":{"allow":["GET"]}}],"collection":[{"href":"https:\/\/torturesquad.com.br\/site\/wp-json\/wp\/v2\/pages"}],"about":[{"href":"https:\/\/torturesquad.com.br\/site\/wp-json\/wp\/v2\/types\/page"}],"author":[{"embeddable":true,"href":"https:\/\/torturesquad.com.br\/site\/wp-json\/wp\/v2\/users\/1"}],"replies":[{"embeddable":true,"href":"https:\/\/torturesquad.com.br\/site\/wp-json\/wp\/v2\/comments?post=750"}],"version-history":[{"count":4,"href":"https:\/\/torturesquad.com.br\/site\/wp-json\/wp\/v2\/pages\/750\/revisions"}],"predecessor-version":[{"id":4320,"href":"https:\/\/torturesquad.com.br\/site\/wp-json\/wp\/v2\/pages\/750\/revisions\/4320"}],"wp:attachment":[{"href":"https:\/\/torturesquad.com.br\/site\/wp-json\/wp\/v2\/media?parent=750"}],"curies":[{"name":"wp","href":"https:\/\/api.w.org\/{rel}","templated":true}]}}