{"id":759,"date":"2015-10-04T09:54:36","date_gmt":"2015-10-04T12:54:36","guid":{"rendered":"http:\/\/torturesquad.net.br\/site\/?page_id=759"},"modified":"2024-01-03T22:50:57","modified_gmt":"2024-01-03T22:50:57","slug":"rene-simionato","status":"publish","type":"page","link":"https:\/\/torturesquad.com.br\/site\/rene-simionato\/","title":{"rendered":"Rene Simionato"},"content":{"rendered":"<p><img decoding=\"async\" class=\"size-full wp-image-4306 alignleft\" src=\"http:\/\/torturesquad.com.br\/site\/wp-content\/uploads\/2020\/08\/Rene-1.jpg\" alt=\"4\" width=\"40%\" height=\"auto\">Nascido em primeiro de abril de 1987, natural de S\u00e3o Bernardo do Campo no ABC paulista. Seu interesse pela m\u00fasica surgiu desde a inf\u00e2ncia em meio aos anos 90, ouvindo blues e rock&#8217;n roll por influencia de seu pai. Logo em seguida sua av\u00f3 comprou seu primeiro instrumento: um viol\u00e3o de R$30,00.<\/p>\n<p>A paix\u00e3o por tocar esteve sempre em suas veias, com influencias vindo de bandas como Iron Maiden, Black Sabbath, King Diamond, Mercyful Fate, Death, Carcass, Slayer, Led Zeppelin, Beatles, anos 60,70 etc&#8230;<\/p>\n<p>Auto didata, come\u00e7ou a tocar guitarra aos 11 anos e bateria aos 17, desde ent\u00e3o come\u00e7ou a participar de bandas de diversos estilos, do Rock&#8217;n Roll ao metal extremo.<\/p>\n<p>Durante sua carreira de 13 anos, foi membro de bandas como Midnightmare, Guillotine, Em Ru\u00ednas, Mortuorum, Children Of The Beast (Tributo oficial ao Iron Maiden) e House of Evil (Tributo oficial ao King Diamond e Mercyful Fate). Excurcionou por diversas cidades brasileiras e tamb\u00e9m participou do festival &#8220;Live Evil&#8221; idealizado pelo \u00edcone do Black Metal Fenriz (Darkthrone) com a banda Em Ru\u00ednas.<\/p>\n<p>Em Outubro de 2015, ele \u00e9 convidado a entrar no Torture Squad como guitarrista oficial e continuar mantendo o trabalho e projetos da banda.<\/p>\n<p><strong>DISCOGRAFIA:<\/strong><\/p>\n<p>Guillotine: Demo &#8220;Hell on Earth&#8221; (2005) ; &#8220;Metal in Vein&#8221; (Full Album 2007)<br \/>\nMidnightmare: EP &#8220;Behind The Agony Mask&#8221; (1996), Full Album &#8220;Death is The Only Salvation&#8221; (2006-2015)<br \/>\nEm Ru\u00ednas (Special Guest): Full Album &#8220;From The Speed Metal Graves&#8221; (2010)<br \/>\nPanndora (Special Guest): Track &#8220;Coold Eyes&#8221; &#8211; Keyboards (2012)<br \/>\nBloodstained (2010): &#8220;Hell Possessions Domination&#8221; (Demo &#8211; 2010)<br \/>\nReturn of Evil (2016)<br \/>\nFar Beyond Existence (2017)<br \/>\nTorture Years (2019)<br \/>\nTortura en la Iglesia en Vivo (2022)<br \/>\nDevilish (2023)<\/p>\n","protected":false},"excerpt":{"rendered":"<p>Nascido em primeiro de abril de 1987, natural de S\u00e3o Bernardo do Campo no ABC paulista. Seu interesse pela m\u00fasica surgiu desde a inf\u00e2ncia em meio aos anos 90, ouvindo blues e rock&#8217;n roll por influencia de seu pai. Logo em seguida sua av\u00f3 comprou seu primeiro instrumento: um viol\u00e3o de R$30,00. A paix\u00e3o por [&hellip;]<\/p>\n","protected":false},"author":1,"featured_media":0,"parent":0,"menu_order":0,"comment_status":"open","ping_status":"open","template":"","meta":{"ngg_post_thumbnail":0,"footnotes":""},"class_list":["post-759","page","type-page","status-publish","hentry"],"_links":{"self":[{"href":"https:\/\/torturesquad.com.br\/site\/wp-json\/wp\/v2\/pages\/759","targetHints":{"allow":["GET"]}}],"collection":[{"href":"https:\/\/torturesquad.com.br\/site\/wp-json\/wp\/v2\/pages"}],"about":[{"href":"https:\/\/torturesquad.com.br\/site\/wp-json\/wp\/v2\/types\/page"}],"author":[{"embeddable":true,"href":"https:\/\/torturesquad.com.br\/site\/wp-json\/wp\/v2\/users\/1"}],"replies":[{"embeddable":true,"href":"https:\/\/torturesquad.com.br\/site\/wp-json\/wp\/v2\/comments?post=759"}],"version-history":[{"count":5,"href":"https:\/\/torturesquad.com.br\/site\/wp-json\/wp\/v2\/pages\/759\/revisions"}],"predecessor-version":[{"id":4317,"href":"https:\/\/torturesquad.com.br\/site\/wp-json\/wp\/v2\/pages\/759\/revisions\/4317"}],"wp:attachment":[{"href":"https:\/\/torturesquad.com.br\/site\/wp-json\/wp\/v2\/media?parent=759"}],"curies":[{"name":"wp","href":"https:\/\/api.w.org\/{rel}","templated":true}]}}