{"id":884,"date":"2014-01-07T10:34:27","date_gmt":"2014-01-07T13:34:27","guid":{"rendered":"http:\/\/torturesquad.net.br\/site\/?page_id=164"},"modified":"2024-01-03T22:52:24","modified_gmt":"2024-01-03T22:52:24","slug":"castor","status":"publish","type":"page","link":"https:\/\/torturesquad.com.br\/site\/castor\/","title":{"rendered":"Castor"},"content":{"rendered":"<p><img decoding=\"async\" class=\"size-full wp-image-4314 alignleft\" src=\"http:\/\/torturesquad.com.br\/site\/wp-content\/uploads\/2020\/08\/Castor-1.jpg\" alt=\"2castor\" width=\"30%\" height=\"auto\" srcset=\"https:\/\/torturesquad.com.br\/site\/wp-content\/uploads\/2020\/08\/Castor-1.jpg 960w, https:\/\/torturesquad.com.br\/site\/wp-content\/uploads\/2020\/08\/Castor-1-600x419.jpg 600w, https:\/\/torturesquad.com.br\/site\/wp-content\/uploads\/2020\/08\/Castor-1-768x537.jpg 768w, https:\/\/torturesquad.com.br\/site\/wp-content\/uploads\/2020\/08\/Castor-1-328x228.jpg 328w\" sizes=\"(max-width: 960px) 100vw, 960px\" \/>Castor come\u00e7ou a se interessar por contra \u2013 baixo com 12 anos de idade. Influenciado por Steve Harris, Geezer Butler e Rudy Sarzo, ele adquiriu seu primeiro contra \u2013 baixo aos 14 anos de idade e come\u00e7ou a praticar tocando musicas dos discos de heavy metal que ele tinha naquela \u00e9poca tais como Iron Maiden, Kiss, Black Sabbath, Ozzy Osbourne, Metallica entre outros.<\/p>\n<p>Em 1993, Castor foi convidado a se juntar ao Torture Squad e rapidamente  gravaram e lan\u00e7aram a primeira demo \u2013 tape no mesmo ano com 4 m\u00fasicas intitulada \u201cA Soul in Hell\u201d, seguido por nove \u00e1lbuns de est\u00fadio e mais tr\u00eas CDs e dois DVDs ao vivo , e muitas turn\u00eas internacionais tocando em v\u00e1rios pa\u00edses da Europa e Am\u00e9rica latina incluindo o festival Rock in Rio no ano de 2019.<\/p>\n<p><b>DISCOGRAFIA:<\/b><\/p>\n<p>A Soul in Hell (demo 1993)<br \/>\nShivering (1998)<br \/>\nAsylum Of Shadows (1999)<br \/>\nThe Unholy Spell (2001)<br \/>\nPandemonium (2003)<br \/>\nDeath, Chaos and Torture Alive (2004 \u2013 cd)<br \/>\nDeath, Chaos and Torture Alive (2005 \u2013 dvd)<br \/>\nChaos Corporation (2006 \u2013 EP)<br \/>\nHellbound (2008)<br \/>\nAEquilibrium (2010)<br \/>\nEsquadr\u00e3o de Tortura (2013)<br \/>\nCoup d\u00b4\u00c9tat Live (2015)<br \/>\nReturn of Evil (2016)<br \/>\nFar Beyond Existence (2017)<br \/>\nTortura en La Iglesia en vivo (2022)<br \/>\nDevlish (2023)<br \/>\n<strong><\/strong><\/p>\n<p><b>VIDEOGRAFIA:<\/b><\/p>\n<p>DVD &#8211; Death, Chaos and Torture Alive &#8211; 2005<br \/>\nDVD \u2013 Coup D\u00b4\u00e9tat Live \u2013 2014<\/p>\n<p><strong>REDES SOCIAIS:<\/strong><\/p>\n<p><b>Facebook pessoal: <\/b><a href=\"https:\/\/www.facebook.com\/castor.torture.7\">facebook.com\/castor.torture.7<\/a><b><\/b><br \/>\n<b>Facebook Torture Squad:<\/b> <a href=\"https:\/\/www.facebook.com\/torturesquad?mibextid=ZbWKwL\">facebook.com\/torturesquad<\/a><b><\/b><br \/>\n<b>Site: <\/b><a href=\"https:\/\/www.torturesquad.com.br\/\">www.torturesquad.com.br<\/a><br \/>\n<strong>Instagram pessoal: <\/strong> <a href=\"https:\/\/www.instagram.com\/castor.ts\/\" target=\"_blank\" rel=\"noopener noreferrer\">@castor.ts<\/a><br \/>\n<strong>Instagram Torture Squad:<\/strong> <a href=\"https:\/\/www.instagram.com\/orture _squad\/\" target=\"_blank\" rel=\"noopener noreferrer\">@torture _squad<\/a><br \/>\n<strong>Email:<\/strong> <a href=\"mailto:castor.ts@gmail.com\">castor.ts@gmail.com<\/a><\/p>\n","protected":false},"excerpt":{"rendered":"<p>Castor come\u00e7ou a se interessar por contra \u2013 baixo com 12 anos de idade. Influenciado por Steve Harris, Geezer Butler e Rudy Sarzo, ele adquiriu seu primeiro contra \u2013 baixo aos 14 anos de idade e come\u00e7ou a praticar tocando musicas dos discos de heavy metal que ele tinha naquela \u00e9poca tais como Iron Maiden, [&hellip;]<\/p>\n","protected":false},"author":1,"featured_media":0,"parent":0,"menu_order":0,"comment_status":"open","ping_status":"open","template":"","meta":{"ngg_post_thumbnail":0,"footnotes":""},"class_list":["post-884","page","type-page","status-publish","hentry"],"_links":{"self":[{"href":"https:\/\/torturesquad.com.br\/site\/wp-json\/wp\/v2\/pages\/884","targetHints":{"allow":["GET"]}}],"collection":[{"href":"https:\/\/torturesquad.com.br\/site\/wp-json\/wp\/v2\/pages"}],"about":[{"href":"https:\/\/torturesquad.com.br\/site\/wp-json\/wp\/v2\/types\/page"}],"author":[{"embeddable":true,"href":"https:\/\/torturesquad.com.br\/site\/wp-json\/wp\/v2\/users\/1"}],"replies":[{"embeddable":true,"href":"https:\/\/torturesquad.com.br\/site\/wp-json\/wp\/v2\/comments?post=884"}],"version-history":[{"count":13,"href":"https:\/\/torturesquad.com.br\/site\/wp-json\/wp\/v2\/pages\/884\/revisions"}],"predecessor-version":[{"id":4318,"href":"https:\/\/torturesquad.com.br\/site\/wp-json\/wp\/v2\/pages\/884\/revisions\/4318"}],"wp:attachment":[{"href":"https:\/\/torturesquad.com.br\/site\/wp-json\/wp\/v2\/media?parent=884"}],"curies":[{"name":"wp","href":"https:\/\/api.w.org\/{rel}","templated":true}]}}